{"id":14251,"date":"2025-01-05T11:43:11","date_gmt":"2025-01-05T11:43:11","guid":{"rendered":"https:\/\/promergon.com\/?page_id=14251"},"modified":"2025-06-01T08:20:28","modified_gmt":"2025-06-01T08:20:28","slug":"vision-mission-corporate-values","status":"publish","type":"page","link":"https:\/\/promergon.de\/de\/who-we-are\/vision-mission-corporate-values\/","title":{"rendered":"Vision, Mission &amp; Corporate Values"},"content":{"rendered":"<section class=\"section\" id=\"section_373292036\">\n\t\t<div class=\"section-bg fill\" >\n\t\t\t\t\t\t\t\t\t\n\t\t\t\n\n\t\t<\/div>\n\n\t\t\n\n\t\t<div class=\"section-content relative\">\n\t\t\t\n\n<div class=\"row row-collapse row-full-width\"  id=\"row-1014173402\">\n\n\n\t<div id=\"col-2093621469\" class=\"col small-12 large-12\"  >\n\t\t\t\t<div class=\"col-inner text-center\"  >\n\t\t\t\n\t\t\t\n\n\n  <div class=\"banner has-hover\" id=\"banner-1177137635\">\n          <div class=\"banner-inner fill\">\n        <div class=\"banner-bg fill\" >\n            <img loading=\"lazy\" decoding=\"async\" width=\"2560\" height=\"1102\" src=\"https:\/\/promergon.de\/wp-content\/uploads\/2025\/01\/shutterstock_2478343593-scaled.jpg\" class=\"bg\" alt=\"\" srcset=\"https:\/\/promergon.de\/wp-content\/uploads\/2025\/01\/shutterstock_2478343593-scaled.jpg 2560w, https:\/\/promergon.de\/wp-content\/uploads\/2025\/01\/shutterstock_2478343593-800x344.jpg 800w, https:\/\/promergon.de\/wp-content\/uploads\/2025\/01\/shutterstock_2478343593-1400x603.jpg 1400w, https:\/\/promergon.de\/wp-content\/uploads\/2025\/01\/shutterstock_2478343593-768x331.jpg 768w, https:\/\/promergon.de\/wp-content\/uploads\/2025\/01\/shutterstock_2478343593-1536x661.jpg 1536w, https:\/\/promergon.de\/wp-content\/uploads\/2025\/01\/shutterstock_2478343593-2048x882.jpg 2048w, https:\/\/promergon.de\/wp-content\/uploads\/2025\/01\/shutterstock_2478343593-510x220.jpg 510w\" sizes=\"auto, (max-width: 2560px) 100vw, 2560px\" \/>                                    \n                    <\/div>\n\t\t\n        <div class=\"banner-layers container\">\n            <div class=\"fill banner-link\"><\/div>            \n\n   <div id=\"text-box-1785755221\" class=\"text-box banner-layer x50 md-x50 lg-x50 y50 md-y50 lg-y50 res-text\">\n                                <div class=\"text-box-content text dark\">\n              \n              <div class=\"text-inner text-center\">\n                  \n\n\n              <\/div>\n           <\/div>\n                            \n<style>\n#text-box-1785755221 {\n  width: 60%;\n}\n#text-box-1785755221 .text-box-content {\n  font-size: 100%;\n}\n@media (min-width:550px) {\n  #text-box-1785755221 {\n    width: 60%;\n  }\n}\n<\/style>\n    <\/div>\n \n\n        <\/div>\n      <\/div>\n\n            \n<style>\n#banner-1177137635 {\n  padding-top: 650px;\n}\n<\/style>\n  <\/div>\n\n\n\n\t\t<\/div>\n\t\t\t\t\t<\/div>\n\n\t\n\n<\/div>\n\n\t\t<\/div>\n\n\t\t\n<style>\n#section_373292036 {\n  padding-top: 0px;\n  padding-bottom: 0px;\n}\n<\/style>\n\t<\/section>\n\t\n\n\t<section class=\"section\" id=\"section_1220138461\">\n\t\t<div class=\"section-bg fill\" >\n\t\t\t\t\t\t\t\t\t\n\t\t\t\n\n\t\t<\/div>\n\n\t\t\n\n\t\t<div class=\"section-content relative\">\n\t\t\t\n\n<div class=\"row align-middle\"  id=\"row-1389861477\">\n\n\n\t<div id=\"col-1125525208\" class=\"col small-12 large-12\"  >\n\t\t\t\t<div class=\"col-inner text-center\"  >\n\t\t\t\n\t\t\t\n\n\t<div id=\"text-4172079757\" class=\"text\">\n\t\t\n\n<h2>Vision, Mission &amp; Unternehmenswerte<\/h2>\n\t\t\n<style>\n#text-4172079757 {\n  font-size: 2rem;\n  text-align: left;\n}\n<\/style>\n\t<\/div>\n\t\n<div class=\"is-divider divider clearfix\" style=\"max-width:20%;background-color:rgb(0, 0, 0);\"><\/div>\n\n\t<div id=\"text-3002821515\" class=\"text\">\n\t\t\n\n<p>Im Mittelpunkt unserer Organisation stehen unsere Vision, Mission und Werte \u2013 sie sind die treibenden Kr\u00e4fte hinter unserem Streben nach unternehmerischem Erfolg und nachhaltiger Exzellenz. Diese grundlegenden Prinzipien schaffen nicht nur Wert f\u00fcr unser Unternehmen, sondern auch f\u00fcr unsere Mitarbeiterinnen und Mitarbeiter \u2013 sie f\u00f6rdern eine Kultur des gemeinsamen Wachstums und kollektiven Erfolgs. Durch diese Leitprinzipien wollen wir einen positiven und nachhaltigen Einfluss auf unsere Branche und dar\u00fcber hinaus aus\u00fcben.<\/p>\n\t\t\n<style>\n#text-3002821515 {\n  text-align: left;\n}\n<\/style>\n\t<\/div>\n\t\n\n\t\t<\/div>\n\t\t\t\t\t<\/div>\n\n\t\n\n<\/div>\n\n\t\t<\/div>\n\n\t\t\n<style>\n#section_1220138461 {\n  padding-top: 30px;\n  padding-bottom: 30px;\n}\n<\/style>\n\t<\/section>\n\t\n\n\t<section class=\"section\" id=\"section_1632625985\">\n\t\t<div class=\"section-bg fill\" >\n\t\t\t\t\t\t\t\t\t\n\t\t\t\n\n\t\t<\/div>\n\n\t\t\n\n\t\t<div class=\"section-content relative\">\n\t\t\t\n\n<div class=\"row align-middle\" style=\"max-width:\" id=\"row-70649195\">\n\n\n\t<div id=\"col-989712170\" class=\"col small-12 large-12\"  >\n\t\t\t\t<div class=\"col-inner text-center\"  >\n\t\t\t\n\t\t\t\n\n\t<div id=\"text-399344160\" class=\"text\">\n\t\t\n\n<h3 style=\"border-left: 5px solid #d8a844; padding-left: 10px;\">Vision<\/h3>\n\t\t\n<style>\n#text-399344160 {\n  font-size: 2rem;\n  text-align: left;\n}\n<\/style>\n\t<\/div>\n\t\n\t<div id=\"text-3434849625\" class=\"text\">\n\t\t\n\n<p>Inspiriert von unserem reichen griechischen Erbe und angetrieben von diesem, f\u00fchren wir unser Unternehmen auf dem Weg zum globalen Erfolg. Wir verbinden Tradition mit Innovation, um weltweit einen nachhaltigen Einfluss zu hinterlassen.<\/p>\n\t\t\n<style>\n#text-3434849625 {\n  text-align: left;\n}\n<\/style>\n\t<\/div>\n\t\n\n\t\t<\/div>\n\t\t\t\t\t<\/div>\n\n\t\n\n\t<div id=\"col-1536937552\" class=\"col small-12 large-12\"  >\n\t\t\t\t<div class=\"col-inner text-center\"  >\n\t\t\t\n\t\t\t\n\n\t<div id=\"text-1626635792\" class=\"text\">\n\t\t\n\n<h3 style=\"border-left: 5px solid #d8a844; padding-left: 10px;\">Mission<\/h3>\n\t\t\n<style>\n#text-1626635792 {\n  font-size: 2rem;\n  text-align: left;\n}\n<\/style>\n\t<\/div>\n\t\n\t<div id=\"text-1735250057\" class=\"text\">\n\t\t\n\n<p>Sowohl auf lokalen als auch internationalen M\u00e4rkten zeichnen wir uns durch Innovationsgeist, Effizienz und tiefen Respekt gegen\u00fcber Umwelt und Gesellschaft aus. Unser gr\u00f6\u00dftes Kapital ist unsere Belegschaft \u2013 vereint im Engagement, au\u00dfergew\u00f6hnlichen Mehrwert f\u00fcr unsere Kunden zu schaffen und eine unterst\u00fctzende, wachstumsorientierte Unternehmenskultur f\u00fcr unsere Mitarbeiter zu f\u00f6rdern.<\/p>\n\t\t\n<style>\n#text-1735250057 {\n  text-align: left;\n}\n<\/style>\n\t<\/div>\n\t\n\n\t\t<\/div>\n\t\t\t\t\t<\/div>\n\n\t\n\n\t<div id=\"col-1155715638\" class=\"col small-12 large-12\"  >\n\t\t\t\t<div class=\"col-inner text-center\"  >\n\t\t\t\n\t\t\t\n\n\t<div id=\"text-963755993\" class=\"text\">\n\t\t\n\n<h3 style=\"border-left: 5px solid #d8a844; padding-left: 10px;\">Werte<\/h3>\n\t\t\n<style>\n#text-963755993 {\n  font-size: 2rem;\n  text-align: left;\n}\n<\/style>\n\t<\/div>\n\t\n\t<div id=\"text-516579543\" class=\"text\">\n\t\t\n\n<div style=\"display: table; width: 100%; border-spacing: 0 30px; color: #333; line-height: 1.6;\"><!-- 1\u03b7 \u0393\u03c1\u03b1\u03bc\u03bc\u03ae -->\n<div style=\"display: table-row;\">\n<div style=\"display: table-cell; font-weight: bold; text-align: left; vertical-align: top; width: 30%; padding-right: 20px; font-size: 1.2em; color: #d8a844;\"><strong>Nachhaltigkeit<\/strong><\/div>\n<div style=\"display: table-cell; text-align: left; vertical-align: top; width: 70%; font-size: 1em;\">Wir setzen uns f\u00fcr umweltbewusste L\u00f6sungen ein, die das Wohlergehen unseres Planeten f\u00fcr zuk\u00fcnftige Generationen in den Mittelpunkt stellen.<\/div>\n<\/div>\n<p><!-- \u0394\u03b9\u03b1\u03c7\u03c9\u03c1\u03b9\u03c3\u03c4\u03b9\u03ba\u03ae \u0393\u03c1\u03b1\u03bc\u03bc\u03ae --><\/p>\n<div style=\"width: 100%; height: 1px; background-color: #ddd; margin: 20px 0; border: none;\">\u00a0<\/div>\n<p><!-- 2\u03b7 \u0393\u03c1\u03b1\u03bc\u03bc\u03ae --><\/p>\n<div style=\"display: table-row;\">\n<div style=\"display: table-cell; font-weight: bold; text-align: left; vertical-align: top; width: 30%; padding-right: 20px; font-size: 1.2em; color: #d8a844;\">Innovation<\/div>\n<div style=\"display: table-cell; text-align: left; vertical-align: top; width: 70%; font-size: 1em;\">Wir treiben den Fortschritt voran, indem wir moderne Technologien und zukunftsorientierte Ideen nutzen, um stets an der Spitze unserer Branche zu bleiben.<\/div>\n<\/div>\n<p><!-- \u0394\u03b9\u03b1\u03c7\u03c9\u03c1\u03b9\u03c3\u03c4\u03b9\u03ba\u03ae \u0393\u03c1\u03b1\u03bc\u03bc\u03ae --><\/p>\n<div style=\"width: 100%; height: 1px; background-color: #ddd; margin: 20px 0; border: none;\">\u00a0<\/div>\n<p><!-- 3\u03b7 \u0393\u03c1\u03b1\u03bc\u03bc\u03ae --><\/p>\n<div style=\"display: table-row;\">\n<div style=\"display: table-cell; font-weight: bold; text-align: left; vertical-align: top; width: 30%; padding-right: 20px; font-size: 1.2em; color: #d8a844;\"><strong>Exzellenz<\/strong><\/div>\n<div style=\"display: table-cell; text-align: left; vertical-align: top; width: 70%; font-size: 1em;\">Wir verpflichten uns, in jedem Projekt h\u00f6chste Qualit\u00e4t zu liefern und setzen Ma\u00dfst\u00e4be, die wir konsequent einhalten.<\/div>\n<\/div>\n<p><!-- \u0394\u03b9\u03b1\u03c7\u03c9\u03c1\u03b9\u03c3\u03c4\u03b9\u03ba\u03ae \u0393\u03c1\u03b1\u03bc\u03bc\u03ae --><\/p>\n<div style=\"width: 100%; height: 1px; background-color: #ddd; margin: 20px 0; border: none;\">\u00a0<\/div>\n<p><!-- 4\u03b7 \u0393\u03c1\u03b1\u03bc\u03bc\u03ae --><\/p>\n<div style=\"display: table-row;\">\n<div style=\"display: table-cell; font-weight: bold; text-align: left; vertical-align: top; width: 30%; padding-right: 20px; font-size: 1.2em; color: #d8a844;\"><strong>Integrit\u00e4t<\/strong><\/div>\n<div style=\"display: table-cell; text-align: left; vertical-align: top; width: 70%; font-size: 1em;\">Wir bauen Vertrauen durch ethisches Handeln auf, halten unsere Zusagen ein und gew\u00e4hrleisten Transparenz in all unserem Tun.<\/div>\n<\/div>\n<p><!-- \u0394\u03b9\u03b1\u03c7\u03c9\u03c1\u03b9\u03c3\u03c4\u03b9\u03ba\u03ae \u0393\u03c1\u03b1\u03bc\u03bc\u03ae --><\/p>\n<div style=\"width: 100%; height: 1px; background-color: #ddd; margin: 20px 0; border: none;\">\u00a0<\/div>\n<p><!-- 5\u03b7 \u0393\u03c1\u03b1\u03bc\u03bc\u03ae --><\/p>\n<div style=\"display: table-row;\">\n<div style=\"display: table-cell; font-weight: bold; text-align: left; vertical-align: top; width: 30%; padding-right: 20px; font-size: 1.2em; color: #d8a844;\"><strong>Partnerschaft<\/strong><\/div>\n<div style=\"display: table-cell; text-align: left; vertical-align: top; width: 70%; font-size: 1em;\">Wir pflegen langfristige, erfolgreiche Beziehungen zu unseren Kunden und arbeiten partnerschaftlich zusammen, um gemeinsamen Erfolg zu erzielen.<\/div>\n<\/div>\n<\/div>\n\t\t\n<style>\n#text-516579543 {\n  text-align: left;\n}\n<\/style>\n\t<\/div>\n\t\n\n\t\t<\/div>\n\t\t\t\t\t<\/div>\n\n\t\n\n<\/div>\n\n\t\t<\/div>\n\n\t\t\n<style>\n#section_1632625985 {\n  padding-top: 30px;\n  padding-bottom: 30px;\n}\n<\/style>\n\t<\/section>","protected":false},"excerpt":{"rendered":"","protected":false},"author":2,"featured_media":0,"parent":6136,"menu_order":0,"comment_status":"closed","ping_status":"closed","template":"page-blank.php","meta":{"_acf_changed":false,"footnotes":""},"class_list":["post-14251","page","type-page","status-publish","hentry"],"acf":[],"yoast_head":"<!-- This site is optimized with the Yoast SEO plugin v27.4 - https:\/\/yoast.com\/product\/yoast-seo-wordpress\/ -->\n<title>Vision, Mission &amp; Corporate Values - Promergon<\/title>\n<meta name=\"robots\" content=\"index, follow, max-snippet:-1, max-image-preview:large, max-video-preview:-1\" \/>\n<link rel=\"canonical\" href=\"https:\/\/promergon.de\/de\/who-we-are\/vision-mission-corporate-values\/\" \/>\n<meta property=\"og:locale\" content=\"de_DE\" \/>\n<meta property=\"og:type\" content=\"article\" \/>\n<meta property=\"og:title\" content=\"Vision, Mission &amp; Corporate Values - Promergon\" \/>\n<meta property=\"og:url\" content=\"https:\/\/promergon.de\/de\/who-we-are\/vision-mission-corporate-values\/\" \/>\n<meta property=\"og:site_name\" content=\"Promergon\" \/>\n<meta property=\"article:modified_time\" content=\"2025-06-01T08:20:28+00:00\" \/>\n<meta name=\"twitter:card\" content=\"summary_large_image\" \/>\n<meta name=\"twitter:label1\" content=\"Gesch\u00e4tzte Lesezeit\" \/>\n\t<meta name=\"twitter:data1\" content=\"2\u00a0Minuten\" \/>\n<script type=\"application\/ld+json\" class=\"yoast-schema-graph\">{\"@context\":\"https:\\\/\\\/schema.org\",\"@graph\":[{\"@type\":\"WebPage\",\"@id\":\"https:\\\/\\\/promergon.de\\\/who-we-are\\\/vision-mission-corporate-values\\\/\",\"url\":\"https:\\\/\\\/promergon.de\\\/who-we-are\\\/vision-mission-corporate-values\\\/\",\"name\":\"Vision, Mission &amp; Corporate Values - Promergon\",\"isPartOf\":{\"@id\":\"https:\\\/\\\/promergon.de\\\/#website\"},\"datePublished\":\"2025-01-05T11:43:11+00:00\",\"dateModified\":\"2025-06-01T08:20:28+00:00\",\"breadcrumb\":{\"@id\":\"https:\\\/\\\/promergon.de\\\/who-we-are\\\/vision-mission-corporate-values\\\/#breadcrumb\"},\"inLanguage\":\"de\",\"potentialAction\":[{\"@type\":\"ReadAction\",\"target\":[\"https:\\\/\\\/promergon.de\\\/who-we-are\\\/vision-mission-corporate-values\\\/\"]}]},{\"@type\":\"BreadcrumbList\",\"@id\":\"https:\\\/\\\/promergon.de\\\/who-we-are\\\/vision-mission-corporate-values\\\/#breadcrumb\",\"itemListElement\":[{\"@type\":\"ListItem\",\"position\":1,\"name\":\"Home\",\"item\":\"https:\\\/\\\/promergon.de\\\/\"},{\"@type\":\"ListItem\",\"position\":2,\"name\":\"Who we are\",\"item\":\"https:\\\/\\\/promergon.de\\\/who-we-are\\\/\"},{\"@type\":\"ListItem\",\"position\":3,\"name\":\"Vision, Mission &amp; Corporate Values\"}]},{\"@type\":\"WebSite\",\"@id\":\"https:\\\/\\\/promergon.de\\\/#website\",\"url\":\"https:\\\/\\\/promergon.de\\\/\",\"name\":\"Promergon\",\"description\":\"Engineering Solutions\",\"publisher\":{\"@id\":\"https:\\\/\\\/promergon.de\\\/#organization\"},\"potentialAction\":[{\"@type\":\"SearchAction\",\"target\":{\"@type\":\"EntryPoint\",\"urlTemplate\":\"https:\\\/\\\/promergon.de\\\/?s={search_term_string}\"},\"query-input\":{\"@type\":\"PropertyValueSpecification\",\"valueRequired\":true,\"valueName\":\"search_term_string\"}}],\"inLanguage\":\"de\"},{\"@type\":\"Organization\",\"@id\":\"https:\\\/\\\/promergon.de\\\/#organization\",\"name\":\"Promergon\",\"url\":\"https:\\\/\\\/promergon.de\\\/\",\"logo\":{\"@type\":\"ImageObject\",\"inLanguage\":\"de\",\"@id\":\"https:\\\/\\\/promergon.de\\\/#\\\/schema\\\/logo\\\/image\\\/\",\"url\":\"https:\\\/\\\/promergon.de\\\/wp-content\\\/uploads\\\/2024\\\/11\\\/cropped-cropped-cropped-Logo-Promergon-1.jpg\",\"contentUrl\":\"https:\\\/\\\/promergon.de\\\/wp-content\\\/uploads\\\/2024\\\/11\\\/cropped-cropped-cropped-Logo-Promergon-1.jpg\",\"width\":512,\"height\":93,\"caption\":\"Promergon\"},\"image\":{\"@id\":\"https:\\\/\\\/promergon.de\\\/#\\\/schema\\\/logo\\\/image\\\/\"}}]}<\/script>\n<!-- \/ Yoast SEO plugin. -->","yoast_head_json":{"title":"Vision, Mission &amp; Corporate Values - Promergon","robots":{"index":"index","follow":"follow","max-snippet":"max-snippet:-1","max-image-preview":"max-image-preview:large","max-video-preview":"max-video-preview:-1"},"canonical":"https:\/\/promergon.de\/de\/who-we-are\/vision-mission-corporate-values\/","og_locale":"de_DE","og_type":"article","og_title":"Vision, Mission &amp; Corporate Values - Promergon","og_url":"https:\/\/promergon.de\/de\/who-we-are\/vision-mission-corporate-values\/","og_site_name":"Promergon","article_modified_time":"2025-06-01T08:20:28+00:00","twitter_card":"summary_large_image","twitter_misc":{"Gesch\u00e4tzte Lesezeit":"2\u00a0Minuten"},"schema":{"@context":"https:\/\/schema.org","@graph":[{"@type":"WebPage","@id":"https:\/\/promergon.de\/who-we-are\/vision-mission-corporate-values\/","url":"https:\/\/promergon.de\/who-we-are\/vision-mission-corporate-values\/","name":"Vision, Mission &amp; Corporate Values - Promergon","isPartOf":{"@id":"https:\/\/promergon.de\/#website"},"datePublished":"2025-01-05T11:43:11+00:00","dateModified":"2025-06-01T08:20:28+00:00","breadcrumb":{"@id":"https:\/\/promergon.de\/who-we-are\/vision-mission-corporate-values\/#breadcrumb"},"inLanguage":"de","potentialAction":[{"@type":"ReadAction","target":["https:\/\/promergon.de\/who-we-are\/vision-mission-corporate-values\/"]}]},{"@type":"BreadcrumbList","@id":"https:\/\/promergon.de\/who-we-are\/vision-mission-corporate-values\/#breadcrumb","itemListElement":[{"@type":"ListItem","position":1,"name":"Home","item":"https:\/\/promergon.de\/"},{"@type":"ListItem","position":2,"name":"Who we are","item":"https:\/\/promergon.de\/who-we-are\/"},{"@type":"ListItem","position":3,"name":"Vision, Mission &amp; Corporate Values"}]},{"@type":"WebSite","@id":"https:\/\/promergon.de\/#website","url":"https:\/\/promergon.de\/","name":"Promergon","description":"Engineering Solutions","publisher":{"@id":"https:\/\/promergon.de\/#organization"},"potentialAction":[{"@type":"SearchAction","target":{"@type":"EntryPoint","urlTemplate":"https:\/\/promergon.de\/?s={search_term_string}"},"query-input":{"@type":"PropertyValueSpecification","valueRequired":true,"valueName":"search_term_string"}}],"inLanguage":"de"},{"@type":"Organization","@id":"https:\/\/promergon.de\/#organization","name":"Promergon","url":"https:\/\/promergon.de\/","logo":{"@type":"ImageObject","inLanguage":"de","@id":"https:\/\/promergon.de\/#\/schema\/logo\/image\/","url":"https:\/\/promergon.de\/wp-content\/uploads\/2024\/11\/cropped-cropped-cropped-Logo-Promergon-1.jpg","contentUrl":"https:\/\/promergon.de\/wp-content\/uploads\/2024\/11\/cropped-cropped-cropped-Logo-Promergon-1.jpg","width":512,"height":93,"caption":"Promergon"},"image":{"@id":"https:\/\/promergon.de\/#\/schema\/logo\/image\/"}}]}},"_links":{"self":[{"href":"https:\/\/promergon.de\/de\/wp-json\/wp\/v2\/pages\/14251","targetHints":{"allow":["GET"]}}],"collection":[{"href":"https:\/\/promergon.de\/de\/wp-json\/wp\/v2\/pages"}],"about":[{"href":"https:\/\/promergon.de\/de\/wp-json\/wp\/v2\/types\/page"}],"author":[{"embeddable":true,"href":"https:\/\/promergon.de\/de\/wp-json\/wp\/v2\/users\/2"}],"replies":[{"embeddable":true,"href":"https:\/\/promergon.de\/de\/wp-json\/wp\/v2\/comments?post=14251"}],"version-history":[{"count":24,"href":"https:\/\/promergon.de\/de\/wp-json\/wp\/v2\/pages\/14251\/revisions"}],"predecessor-version":[{"id":15087,"href":"https:\/\/promergon.de\/de\/wp-json\/wp\/v2\/pages\/14251\/revisions\/15087"}],"up":[{"embeddable":true,"href":"https:\/\/promergon.de\/de\/wp-json\/wp\/v2\/pages\/6136"}],"wp:attachment":[{"href":"https:\/\/promergon.de\/de\/wp-json\/wp\/v2\/media?parent=14251"}],"curies":[{"name":"wp","href":"https:\/\/api.w.org\/{rel}","templated":true}]}}