{"id":14265,"date":"2025-01-05T11:54:56","date_gmt":"2025-01-05T11:54:56","guid":{"rendered":"https:\/\/promergon.com\/?page_id=14265"},"modified":"2025-05-30T20:03:03","modified_gmt":"2025-05-30T20:03:03","slug":"high-voltage-substations","status":"publish","type":"page","link":"https:\/\/promergon.de\/de\/what-we-do\/high-voltage-substations\/","title":{"rendered":"High Voltage Substations"},"content":{"rendered":"<section class=\"section\" id=\"section_876646990\">\n\t\t<div class=\"section-bg fill\" >\n\t\t\t\t\t\t\t\t\t\n\t\t\t\n\n\t\t<\/div>\n\n\t\t\n\n\t\t<div class=\"section-content relative\">\n\t\t\t\n\n<div class=\"row row-collapse row-full-width\"  id=\"row-522810887\">\n\n\n\t<div id=\"col-608541886\" class=\"col small-12 large-12\"  >\n\t\t\t\t<div class=\"col-inner text-center\"  >\n\t\t\t\n\t\t\t\n\n\n  <div class=\"banner has-hover\" id=\"banner-687686656\">\n          <div class=\"banner-inner fill\">\n        <div class=\"banner-bg fill\" >\n            <img loading=\"lazy\" decoding=\"async\" width=\"2560\" height=\"1706\" src=\"https:\/\/promergon.de\/wp-content\/uploads\/2025\/01\/Promergon_-High-Voltage-scaled.jpg\" class=\"bg\" alt=\"\" srcset=\"https:\/\/promergon.de\/wp-content\/uploads\/2025\/01\/Promergon_-High-Voltage-scaled.jpg 2560w, https:\/\/promergon.de\/wp-content\/uploads\/2025\/01\/Promergon_-High-Voltage-600x400.jpg 600w, https:\/\/promergon.de\/wp-content\/uploads\/2025\/01\/Promergon_-High-Voltage-1200x800.jpg 1200w, https:\/\/promergon.de\/wp-content\/uploads\/2025\/01\/Promergon_-High-Voltage-768x512.jpg 768w, https:\/\/promergon.de\/wp-content\/uploads\/2025\/01\/Promergon_-High-Voltage-1536x1024.jpg 1536w, https:\/\/promergon.de\/wp-content\/uploads\/2025\/01\/Promergon_-High-Voltage-2048x1365.jpg 2048w, https:\/\/promergon.de\/wp-content\/uploads\/2025\/01\/Promergon_-High-Voltage-18x12.jpg 18w, https:\/\/promergon.de\/wp-content\/uploads\/2025\/01\/Promergon_-High-Voltage-510x340.jpg 510w\" sizes=\"auto, (max-width: 2560px) 100vw, 2560px\" \/>                                    \n                    <\/div>\n\t\t\n        <div class=\"banner-layers container\">\n            <div class=\"fill banner-link\"><\/div>            \n\n   <div id=\"text-box-56696762\" class=\"text-box banner-layer x50 md-x50 lg-x50 y50 md-y50 lg-y50 res-text\">\n                                <div class=\"text-box-content text dark\">\n              \n              <div class=\"text-inner text-center\">\n                  \n\n\n              <\/div>\n           <\/div>\n                            \n<style>\n#text-box-56696762 {\n  width: 60%;\n}\n#text-box-56696762 .text-box-content {\n  font-size: 100%;\n}\n@media (min-width:550px) {\n  #text-box-56696762 {\n    width: 60%;\n  }\n}\n<\/style>\n    <\/div>\n \n\n        <\/div>\n      <\/div>\n\n            \n<style>\n#banner-687686656 {\n  padding-top: 650px;\n}\n#banner-687686656 .banner-bg img {\n  object-position: 0% 91%;\n}\n<\/style>\n  <\/div>\n\n\n\n\t\t<\/div>\n\t\t\t\t\t<\/div>\n\n\t\n\n<\/div>\n\n\t\t<\/div>\n\n\t\t\n<style>\n#section_876646990 {\n  padding-top: 0px;\n  padding-bottom: 0px;\n}\n<\/style>\n\t<\/section>\n\t\n\n\t<section class=\"section\" id=\"section_779338762\">\n\t\t<div class=\"section-bg fill\" >\n\t\t\t\t\t\t\t\t\t\n\t\t\t\n\n\t\t<\/div>\n\n\t\t\n\n\t\t<div class=\"section-content relative\">\n\t\t\t\n\n<div class=\"row\" style=\"max-width:1200px\" id=\"row-1658021736\">\n\n\n\t<div id=\"col-1000399118\" class=\"col medium-11 small-12 large-12\"  >\n\t\t\t\t<div class=\"col-inner\"  >\n\t\t\t\n\t\t\t\n\n\t<div id=\"text-557105706\" class=\"text\">\n\t\t\n\n<h2>Umfassende Typen von Hochspannungsschaltanlagen<\/h2>\n\n\t\t\n<style>\n#text-557105706 {\n  font-size: 2rem;\n}\n<\/style>\n\t<\/div>\n\t\n\t<div id=\"gap-1856977678\" class=\"gap-element clearfix\" style=\"display:block; height:auto;\">\n\t\t\n<style>\n#gap-1856977678 {\n  padding-top: 30px;\n}\n<\/style>\n\t<\/div>\n\t\n\n<div class=\"is-divider divider clearfix\" style=\"max-width:100px;background-color:rgb(216, 168, 68);\"><\/div>\n\n<p>PROMERGON bietet eine Vielzahl von Schaltanlagel\u00f6sungen, die gezielt auf unterschiedliche betriebliche Anforderungen und Einsatzumgebungen abgestimmt sind:<\/p>\n<ul>\n<li><strong>Luftisolierte Schaltanlagen (AIS): <\/strong>AIS-L\u00f6sungen eignen sich ideal f\u00fcr Projekte mit ausreichend Platz. Sie bieten kosteneffiziente, leicht zug\u00e4ngliche Designs, die eine einfache Wartung und Systemerweiterung erm\u00f6glichen.<\/li>\n<li><strong>Gasisolierte Schaltanlagen (GIS): <\/strong>GIS-Technologie ist kompakt und wartungsarm \u2013 perfekt f\u00fcr dicht besiedelte urbane Gebiete oder anspruchsvolle Umweltbedingungen. Sie bietet zuverl\u00e4ssige Leistung bei begrenztem Platzangebot.<\/li>\n<li><strong>Hybridschaltanlagen: <\/strong>Durch die Kombination von AIS- und GIS-Komponenten vereinen Hybridschaltanlagen die Vorteile beider Technologien \u2013 mit optimaler Balance zwischen Flexibilit\u00e4t, Platzersparnis und Wartungsfreundlichkeit.<\/li>\n<li><strong>Mobile Schaltanlagen: <\/strong>F\u00fcr tempor\u00e4re oder Notstromversorgungen konzipiert, lassen sich mobile Schaltanlagen schnell in abgelegenen oder katastrophenbetroffenen Gebieten einsetzen und sichern die kontinuierliche Stromversorgung.<\/li>\n<li><strong>Unterirdische Schaltanlagen: <\/strong>In st\u00e4dtischen oder platzbeschr\u00e4nkten Gebieten bieten unterirdische Schaltanlagen eine unauff\u00e4llige, raumsparende L\u00f6sung mit reduziertem L\u00e4rm und geringer Umweltbelastung.<\/li>\n<li><strong>Schaltstationen: <\/strong>Diese Anlagen dienen zur Steuerung und Isolation von \u00dcbertragungsleitungen, verbessern das Lastmanagement und erh\u00f6hen die Netzflexibilit\u00e4t.<\/li>\n<li><strong>Hochspannungs-Aufw\u00e4rtsschaltanlagen: <\/strong>In der Stromerzeugung erh\u00f6hen diese Anlagen die Spannung f\u00fcr den verlustarmen Langstreckentransport von Energie.<\/li>\n<li><strong>Abw\u00e4rtsschaltanlagen: <\/strong>Diese Schaltanlagen senken die Spannung f\u00fcr die sichere Verteilung an Endverbraucher \u2013 von Industrie \u00fcber Gewerbe bis hin zu privaten Haushalten.<\/li>\n<\/ul>\n\n\t\t<\/div>\n\t\t\t\t\t<\/div>\n\n\t\n\n<\/div>\n\n\t\t<\/div>\n\n\t\t\n<style>\n#section_779338762 {\n  padding-top: 40px;\n  padding-bottom: 40px;\n  background-color: rgb(255,255,255);\n}\n@media (min-width:550px) {\n  #section_779338762 {\n    padding-top: 80px;\n    padding-bottom: 80px;\n  }\n}\n@media (min-width:850px) {\n  #section_779338762 {\n    padding-top: 30px;\n    padding-bottom: 30px;\n  }\n}\n<\/style>\n\t<\/section>\n\t\n\n\t<section class=\"section\" id=\"section_79758831\">\n\t\t<div class=\"section-bg fill\" >\n\t\t\t\t\t\t\t\t\t\n\t\t\t\n\n\t\t<\/div>\n\n\t\t\n\n\t\t<div class=\"section-content relative\">\n\t\t\t\n\n<div class=\"row\" style=\"max-width:1200px\" id=\"row-2096230467\">\n\n\n\t<div id=\"col-650603314\" class=\"col medium-11 small-12 large-9\"  >\n\t\t\t\t<div class=\"col-inner\"  >\n\t\t\t\n\t\t\t\n\n\t<div id=\"gap-148919795\" class=\"gap-element clearfix\" style=\"display:block; height:auto;\">\n\t\t\n<style>\n#gap-148919795 {\n  padding-top: 30px;\n}\n<\/style>\n\t<\/div>\n\t\n\n\n  <div class=\"banner has-hover\" id=\"banner-1365460077\">\n          <div class=\"banner-inner fill\">\n        <div class=\"banner-bg fill\" >\n            <img loading=\"lazy\" decoding=\"async\" width=\"2560\" height=\"1707\" src=\"https:\/\/promergon.de\/wp-content\/uploads\/2025\/01\/Promergon_-High-Voltage-Substation-scaled.jpg\" class=\"bg\" alt=\"\" srcset=\"https:\/\/promergon.de\/wp-content\/uploads\/2025\/01\/Promergon_-High-Voltage-Substation-scaled.jpg 2560w, https:\/\/promergon.de\/wp-content\/uploads\/2025\/01\/Promergon_-High-Voltage-Substation-600x400.jpg 600w, https:\/\/promergon.de\/wp-content\/uploads\/2025\/01\/Promergon_-High-Voltage-Substation-1200x800.jpg 1200w, https:\/\/promergon.de\/wp-content\/uploads\/2025\/01\/Promergon_-High-Voltage-Substation-768x512.jpg 768w, https:\/\/promergon.de\/wp-content\/uploads\/2025\/01\/Promergon_-High-Voltage-Substation-1536x1024.jpg 1536w, https:\/\/promergon.de\/wp-content\/uploads\/2025\/01\/Promergon_-High-Voltage-Substation-2048x1365.jpg 2048w, https:\/\/promergon.de\/wp-content\/uploads\/2025\/01\/Promergon_-High-Voltage-Substation-510x340.jpg 510w\" sizes=\"auto, (max-width: 2560px) 100vw, 2560px\" \/>                                    \n                    <\/div>\n\t\t\n        <div class=\"banner-layers container\">\n            <div class=\"fill banner-link\"><\/div>            \n\n   <div id=\"text-box-1874972776\" class=\"text-box banner-layer x50 md-x50 lg-x50 y50 md-y50 lg-y50 res-text\">\n                                <div class=\"text-box-content text dark\">\n              \n              <div class=\"text-inner text-center\">\n                  \n\n\n              <\/div>\n           <\/div>\n                            \n<style>\n#text-box-1874972776 {\n  width: 60%;\n}\n#text-box-1874972776 .text-box-content {\n  font-size: 100%;\n}\n@media (min-width:550px) {\n  #text-box-1874972776 {\n    width: 60%;\n  }\n}\n<\/style>\n    <\/div>\n \n\n        <\/div>\n      <\/div>\n\n              <div class=\"height-fix is-invisible\"><img loading=\"lazy\" decoding=\"async\" width=\"2560\" height=\"1707\" src=\"https:\/\/promergon.de\/wp-content\/uploads\/2025\/01\/Promergon_-High-Voltage-Substation-scaled.jpg\" class=\"attachment-original size-original\" alt=\"\" srcset=\"https:\/\/promergon.de\/wp-content\/uploads\/2025\/01\/Promergon_-High-Voltage-Substation-scaled.jpg 2560w, https:\/\/promergon.de\/wp-content\/uploads\/2025\/01\/Promergon_-High-Voltage-Substation-600x400.jpg 600w, https:\/\/promergon.de\/wp-content\/uploads\/2025\/01\/Promergon_-High-Voltage-Substation-1200x800.jpg 1200w, https:\/\/promergon.de\/wp-content\/uploads\/2025\/01\/Promergon_-High-Voltage-Substation-768x512.jpg 768w, https:\/\/promergon.de\/wp-content\/uploads\/2025\/01\/Promergon_-High-Voltage-Substation-1536x1024.jpg 1536w, https:\/\/promergon.de\/wp-content\/uploads\/2025\/01\/Promergon_-High-Voltage-Substation-2048x1365.jpg 2048w, https:\/\/promergon.de\/wp-content\/uploads\/2025\/01\/Promergon_-High-Voltage-Substation-510x340.jpg 510w\" sizes=\"auto, (max-width: 2560px) 100vw, 2560px\" \/><\/div>\n            \n<style>\n#banner-1365460077 {\n  padding-top: 300px;\n  background-color: rgb(249, 245, 229);\n}\n#banner-1365460077 .banner-bg img {\n  object-position: 34% 44%;\n}\n<\/style>\n  <\/div>\n\n\n\n\t\t<\/div>\n\t\t\t\t\t<\/div>\n\n\t\n\n<\/div>\n<div class=\"row align-right\" style=\"max-width:1200px\" id=\"row-100111019\">\n\n\n\t<div id=\"col-1079594041\" class=\"col medium-8 small-12 large-6\"  >\n\t\t\t\t<div class=\"col-inner\" style=\"background-color:rgb(255, 255, 255);\" >\n\t\t\t\n\t\t\t\n\n\t<div id=\"text-245317775\" class=\"text\">\n\t\t\n\n<h2>Hochspannungs-schaltanlagen<\/h2>\n\n\t\t\n<style>\n#text-245317775 {\n  font-size: 1.5rem;\n}\n<\/style>\n\t<\/div>\n\t\n<p><strong>PROMERGON<\/strong> bietet schl\u00fcsselfertige Komplettl\u00f6sungen f\u00fcr Hochspannungsschaltanlagen und \u00fcbernimmt alle Projektphasen \u2013 von der Planung und Beschaffung bis hin zur Installation und Inbetriebnahme. Dank unserer spezialisierten Expertise in luftisolierten (AIS) und gasisolierten (GIS) Schaltanlagen gew\u00e4hrleisten unsere L\u00f6sungen eine effiziente, zuverl\u00e4ssige und sichere Strom\u00fcbertragung.<br \/>Jedes Projekt wird individuell an die spezifischen Anforderungen st\u00e4dtischer, industrieller oder abgelegener Standorte angepasst \u2013 mit Fokus auf langfristige Leistungsf\u00e4higkeit und betriebliche Effizienz.<\/p>\n\n\t\t<\/div>\n\t\t\t\t\n<style>\n#col-1079594041 > .col-inner {\n  padding: 10% 10% 10% 10%;\n  margin: -42px -42px 0px 0px;\n}\n@media (min-width:550px) {\n  #col-1079594041 > .col-inner {\n    margin: -317px -42px 0px 0px;\n  }\n}\n<\/style>\n\t<\/div>\n\n\t\n\n<\/div>\n\n\t\t<\/div>\n\n\t\t\n<style>\n#section_79758831 {\n  padding-top: 40px;\n  padding-bottom: 40px;\n  background-color: rgb(255,255,255);\n}\n@media (min-width:550px) {\n  #section_79758831 {\n    padding-top: 80px;\n    padding-bottom: 80px;\n  }\n}\n@media (min-width:850px) {\n  #section_79758831 {\n    padding-top: 30px;\n    padding-bottom: 30px;\n  }\n}\n<\/style>\n\t<\/section>\n\t\n\n\t<section class=\"section\" id=\"section_1943162268\">\n\t\t<div class=\"section-bg fill\" >\n\t\t\t\t\t\t\t\t\t\n\t\t\t\n\n\t\t<\/div>\n\n\t\t\n\n\t\t<div class=\"section-content relative\">\n\t\t\t\n\n<div class=\"row\" style=\"max-width:1200px\" id=\"row-483555019\">\n\n\n\t<div id=\"col-1798668186\" class=\"col medium-11 small-12 large-12\"  >\n\t\t\t\t<div class=\"col-inner\"  >\n\t\t\t\n\t\t\t\n\n<div class=\"is-divider divider clearfix\" style=\"max-width:100px;background-color:rgb(216, 168, 68);\"><\/div>\n\n<h2>Schl\u00fcsselfertige Projektunterst\u00fctzung \u00fcber den gesamten Lebenszyklus<\/h2>\n<p>Die schl\u00fcsselfertigen L\u00f6sungen von PROMERGON gew\u00e4hrleisten umfassende Unterst\u00fctzung in jeder Phase des Lebenszyklus einer Schaltanlage:<\/p>\n<ul>\n<li><strong>Planung und Engineering<\/strong><br \/>Unsere Designteams entwickeln ma\u00dfgeschneiderte Schaltanlagenlayouts, die maximale Effizienz bieten, regulatorischen Vorgaben entsprechen und optimal auf die jeweiligen Betriebsbedingungen und Projektstandorte abgestimmt sind.<\/li>\n<li><strong>Beschaffung<\/strong><br \/>Wir beziehen qualitativ hochwertige, leistungsgepr\u00fcfte Komponenten von vertrauensw\u00fcrdigen Lieferanten \u2013 f\u00fcr maximale Zuverl\u00e4ssigkeit, Langlebigkeit und Einhaltung internationaler Standards.<\/li>\n<li><strong>Installation und Inbetriebnahme<\/strong><br \/>Die erfahrenen Teams von PROMERGON \u00fcbernehmen s\u00e4mtliche Installationsarbeiten \u2013 von der Fundamentierung \u00fcber die Errichtung der Anlagenstruktur bis hin zur Integration der Hochspannungstechnik. Die Inbetriebnahme erfolgt durch umfassende Tests und pr\u00e4zise Kalibrierung, um einen sicheren und zuverl\u00e4ssigen Betrieb zu gew\u00e4hrleisten.<\/li>\n<\/ul>\n<div class=\"is-divider divider clearfix\" style=\"max-width:100px;background-color:rgb(216, 168, 68);\"><\/div>\n\n<h2>Vorteile der Hochspannungs-Schaltanlagen von PROMERGON<\/h2>\n<ul>\n<li><strong>Zuverl\u00e4ssigkeit und Sicherheit<\/strong><br \/>Dank fortschrittlicher Schutz- und \u00dcberwachungssysteme bieten unsere Schaltanlagen eine zuverl\u00e4ssige Leistung und sch\u00fctzen Personal, Anlagen und die umliegende Infrastruktur.<\/li>\n<li><strong>Effiziente Energie\u00fcbertragung<\/strong><br \/>Die Schaltanlagen von <strong>PROMERGON<\/strong> sind darauf ausgelegt, die Energie\u00fcbertragung zu optimieren, Verluste zu minimieren und die Netzleistung zu steigern \u2013 f\u00fcr einen stabilen und zuverl\u00e4ssigen Stromfluss.<\/li>\n<li><strong>Flexibilit\u00e4t und Anpassungsf\u00e4higkeit<\/strong><br \/>Durch unser breites Angebot an Schaltanlagentypen k\u00f6nnen wir L\u00f6sungen f\u00fcr unterschiedlichste Einsatzbereiche bieten \u2013 von dicht besiedelten Stadtgebieten bis hin zu abgelegenen, anspruchsvollen Standorten.<\/li>\n<\/ul>\n<div class=\"is-divider divider clearfix\" style=\"max-width:100px;background-color:rgb(216, 168, 68);\"><\/div>\n\n<h2>Warum eine Partnerschaft mit PROMERGON?<\/h2>\n<ul>\n<li><strong>Umfassende Expertise in AIS und GIS<\/strong><br \/>PROMERGONs Fachkenntnisse in luftisolierten (AIS) und gasisolierten (GIS) Schaltanlagen erm\u00f6glichen uns, ma\u00dfgeschneiderte L\u00f6sungen anzubieten, die exakt den r\u00e4umlichen, \u00f6kologischen und betrieblichen Anforderungen jedes Projekts entsprechen.<\/li>\n<li><strong>Turnkey-Kompetenz<\/strong><br \/>Unsere End-to-End-Dienstleistungen \u2013 von der Planung bis hin zur langfristigen Betreuung \u2013 gew\u00e4hrleisten eine reibungslose Projektausf\u00fchrung sowie optimale Leistung \u00fcber den gesamten Lebenszyklus der Schaltanlage hinweg.<\/li>\n<li><strong>Verpflichtung zu Qualit\u00e4t und Normkonformit\u00e4t<\/strong><br \/><strong>PROMERGON<\/strong> erf\u00fcllt h\u00f6chste Branchenstandards und liefert Schaltanlagen, die Sicherheits-, Leistungs- und Umweltanforderungen nicht nur erf\u00fcllen, sondern \u00fcbertreffen.<\/li>\n<\/ul>\n<p><strong>PROMERGONs<\/strong> Hochspannungs-Schaltanlagen sind darauf ausgelegt, den heutigen Energieanforderungen mit L\u00f6sungen zu begegnen, die Zuverl\u00e4ssigkeit, Effizienz und Anpassungsf\u00e4higkeit in den Mittelpunkt stellen. Mit unseren schl\u00fcsselfertigen Dienstleistungen und unserer Expertise in verschiedenen Schaltanlagentypen unterst\u00fctzen wir den Aufbau widerstandsf\u00e4higer Energienetze \u2013 f\u00fcr nachhaltigen Erfolg in st\u00e4dtischen, industriellen und abgelegenen Projekten gleicherma\u00dfen.<\/p>\n\n\t\t<\/div>\n\t\t\t\t\t<\/div>\n\n\t\n\n<\/div>\n\n\t\t<\/div>\n\n\t\t\n<style>\n#section_1943162268 {\n  padding-top: 40px;\n  padding-bottom: 40px;\n  background-color: rgb(255,255,255);\n}\n@media (min-width:550px) {\n  #section_1943162268 {\n    padding-top: 80px;\n    padding-bottom: 80px;\n  }\n}\n@media (min-width:850px) {\n  #section_1943162268 {\n    padding-top: 30px;\n    padding-bottom: 30px;\n  }\n}\n<\/style>\n\t<\/section>","protected":false},"excerpt":{"rendered":"","protected":false},"author":2,"featured_media":0,"parent":4983,"menu_order":0,"comment_status":"closed","ping_status":"closed","template":"page-blank.php","meta":{"_acf_changed":false,"footnotes":""},"class_list":["post-14265","page","type-page","status-publish","hentry"],"acf":[],"yoast_head":"<!-- This site is optimized with the Yoast SEO plugin v27.4 - https:\/\/yoast.com\/product\/yoast-seo-wordpress\/ -->\n<title>High Voltage Substations - Promergon<\/title>\n<meta name=\"robots\" content=\"index, follow, max-snippet:-1, max-image-preview:large, max-video-preview:-1\" \/>\n<link rel=\"canonical\" href=\"https:\/\/promergon.de\/de\/what-we-do\/high-voltage-substations\/\" \/>\n<meta property=\"og:locale\" content=\"de_DE\" \/>\n<meta property=\"og:type\" content=\"article\" \/>\n<meta property=\"og:title\" content=\"High Voltage Substations - Promergon\" \/>\n<meta property=\"og:url\" content=\"https:\/\/promergon.de\/de\/what-we-do\/high-voltage-substations\/\" \/>\n<meta property=\"og:site_name\" content=\"Promergon\" \/>\n<meta property=\"article:modified_time\" content=\"2025-05-30T20:03:03+00:00\" \/>\n<meta name=\"twitter:card\" content=\"summary_large_image\" \/>\n<meta name=\"twitter:label1\" content=\"Gesch\u00e4tzte Lesezeit\" \/>\n\t<meta name=\"twitter:data1\" content=\"4\u00a0Minuten\" \/>\n<script type=\"application\/ld+json\" class=\"yoast-schema-graph\">{\"@context\":\"https:\\\/\\\/schema.org\",\"@graph\":[{\"@type\":\"WebPage\",\"@id\":\"https:\\\/\\\/promergon.de\\\/what-we-do\\\/high-voltage-substations\\\/\",\"url\":\"https:\\\/\\\/promergon.de\\\/what-we-do\\\/high-voltage-substations\\\/\",\"name\":\"High Voltage Substations - Promergon\",\"isPartOf\":{\"@id\":\"https:\\\/\\\/promergon.de\\\/#website\"},\"datePublished\":\"2025-01-05T11:54:56+00:00\",\"dateModified\":\"2025-05-30T20:03:03+00:00\",\"breadcrumb\":{\"@id\":\"https:\\\/\\\/promergon.de\\\/what-we-do\\\/high-voltage-substations\\\/#breadcrumb\"},\"inLanguage\":\"de\",\"potentialAction\":[{\"@type\":\"ReadAction\",\"target\":[\"https:\\\/\\\/promergon.de\\\/what-we-do\\\/high-voltage-substations\\\/\"]}]},{\"@type\":\"BreadcrumbList\",\"@id\":\"https:\\\/\\\/promergon.de\\\/what-we-do\\\/high-voltage-substations\\\/#breadcrumb\",\"itemListElement\":[{\"@type\":\"ListItem\",\"position\":1,\"name\":\"Home\",\"item\":\"https:\\\/\\\/promergon.de\\\/\"},{\"@type\":\"ListItem\",\"position\":2,\"name\":\"What we do\",\"item\":\"https:\\\/\\\/promergon.de\\\/what-we-do\\\/\"},{\"@type\":\"ListItem\",\"position\":3,\"name\":\"High Voltage Substations\"}]},{\"@type\":\"WebSite\",\"@id\":\"https:\\\/\\\/promergon.de\\\/#website\",\"url\":\"https:\\\/\\\/promergon.de\\\/\",\"name\":\"Promergon\",\"description\":\"Engineering Solutions\",\"publisher\":{\"@id\":\"https:\\\/\\\/promergon.de\\\/#organization\"},\"potentialAction\":[{\"@type\":\"SearchAction\",\"target\":{\"@type\":\"EntryPoint\",\"urlTemplate\":\"https:\\\/\\\/promergon.de\\\/?s={search_term_string}\"},\"query-input\":{\"@type\":\"PropertyValueSpecification\",\"valueRequired\":true,\"valueName\":\"search_term_string\"}}],\"inLanguage\":\"de\"},{\"@type\":\"Organization\",\"@id\":\"https:\\\/\\\/promergon.de\\\/#organization\",\"name\":\"Promergon\",\"url\":\"https:\\\/\\\/promergon.de\\\/\",\"logo\":{\"@type\":\"ImageObject\",\"inLanguage\":\"de\",\"@id\":\"https:\\\/\\\/promergon.de\\\/#\\\/schema\\\/logo\\\/image\\\/\",\"url\":\"https:\\\/\\\/promergon.de\\\/wp-content\\\/uploads\\\/2024\\\/11\\\/cropped-cropped-cropped-Logo-Promergon-1.jpg\",\"contentUrl\":\"https:\\\/\\\/promergon.de\\\/wp-content\\\/uploads\\\/2024\\\/11\\\/cropped-cropped-cropped-Logo-Promergon-1.jpg\",\"width\":512,\"height\":93,\"caption\":\"Promergon\"},\"image\":{\"@id\":\"https:\\\/\\\/promergon.de\\\/#\\\/schema\\\/logo\\\/image\\\/\"}}]}<\/script>\n<!-- \/ Yoast SEO plugin. -->","yoast_head_json":{"title":"High Voltage Substations - Promergon","robots":{"index":"index","follow":"follow","max-snippet":"max-snippet:-1","max-image-preview":"max-image-preview:large","max-video-preview":"max-video-preview:-1"},"canonical":"https:\/\/promergon.de\/de\/what-we-do\/high-voltage-substations\/","og_locale":"de_DE","og_type":"article","og_title":"High Voltage Substations - Promergon","og_url":"https:\/\/promergon.de\/de\/what-we-do\/high-voltage-substations\/","og_site_name":"Promergon","article_modified_time":"2025-05-30T20:03:03+00:00","twitter_card":"summary_large_image","twitter_misc":{"Gesch\u00e4tzte Lesezeit":"4\u00a0Minuten"},"schema":{"@context":"https:\/\/schema.org","@graph":[{"@type":"WebPage","@id":"https:\/\/promergon.de\/what-we-do\/high-voltage-substations\/","url":"https:\/\/promergon.de\/what-we-do\/high-voltage-substations\/","name":"High Voltage Substations - Promergon","isPartOf":{"@id":"https:\/\/promergon.de\/#website"},"datePublished":"2025-01-05T11:54:56+00:00","dateModified":"2025-05-30T20:03:03+00:00","breadcrumb":{"@id":"https:\/\/promergon.de\/what-we-do\/high-voltage-substations\/#breadcrumb"},"inLanguage":"de","potentialAction":[{"@type":"ReadAction","target":["https:\/\/promergon.de\/what-we-do\/high-voltage-substations\/"]}]},{"@type":"BreadcrumbList","@id":"https:\/\/promergon.de\/what-we-do\/high-voltage-substations\/#breadcrumb","itemListElement":[{"@type":"ListItem","position":1,"name":"Home","item":"https:\/\/promergon.de\/"},{"@type":"ListItem","position":2,"name":"What we do","item":"https:\/\/promergon.de\/what-we-do\/"},{"@type":"ListItem","position":3,"name":"High Voltage Substations"}]},{"@type":"WebSite","@id":"https:\/\/promergon.de\/#website","url":"https:\/\/promergon.de\/","name":"Promergon","description":"Engineering Solutions","publisher":{"@id":"https:\/\/promergon.de\/#organization"},"potentialAction":[{"@type":"SearchAction","target":{"@type":"EntryPoint","urlTemplate":"https:\/\/promergon.de\/?s={search_term_string}"},"query-input":{"@type":"PropertyValueSpecification","valueRequired":true,"valueName":"search_term_string"}}],"inLanguage":"de"},{"@type":"Organization","@id":"https:\/\/promergon.de\/#organization","name":"Promergon","url":"https:\/\/promergon.de\/","logo":{"@type":"ImageObject","inLanguage":"de","@id":"https:\/\/promergon.de\/#\/schema\/logo\/image\/","url":"https:\/\/promergon.de\/wp-content\/uploads\/2024\/11\/cropped-cropped-cropped-Logo-Promergon-1.jpg","contentUrl":"https:\/\/promergon.de\/wp-content\/uploads\/2024\/11\/cropped-cropped-cropped-Logo-Promergon-1.jpg","width":512,"height":93,"caption":"Promergon"},"image":{"@id":"https:\/\/promergon.de\/#\/schema\/logo\/image\/"}}]}},"_links":{"self":[{"href":"https:\/\/promergon.de\/de\/wp-json\/wp\/v2\/pages\/14265","targetHints":{"allow":["GET"]}}],"collection":[{"href":"https:\/\/promergon.de\/de\/wp-json\/wp\/v2\/pages"}],"about":[{"href":"https:\/\/promergon.de\/de\/wp-json\/wp\/v2\/types\/page"}],"author":[{"embeddable":true,"href":"https:\/\/promergon.de\/de\/wp-json\/wp\/v2\/users\/2"}],"replies":[{"embeddable":true,"href":"https:\/\/promergon.de\/de\/wp-json\/wp\/v2\/comments?post=14265"}],"version-history":[{"count":23,"href":"https:\/\/promergon.de\/de\/wp-json\/wp\/v2\/pages\/14265\/revisions"}],"predecessor-version":[{"id":15079,"href":"https:\/\/promergon.de\/de\/wp-json\/wp\/v2\/pages\/14265\/revisions\/15079"}],"up":[{"embeddable":true,"href":"https:\/\/promergon.de\/de\/wp-json\/wp\/v2\/pages\/4983"}],"wp:attachment":[{"href":"https:\/\/promergon.de\/de\/wp-json\/wp\/v2\/media?parent=14265"}],"curies":[{"name":"wp","href":"https:\/\/api.w.org\/{rel}","templated":true}]}}