{"id":14271,"date":"2025-01-05T11:57:30","date_gmt":"2025-01-05T11:57:30","guid":{"rendered":"https:\/\/promergon.com\/?page_id=14271"},"modified":"2025-05-30T20:15:40","modified_gmt":"2025-05-30T20:15:40","slug":"e-mobility-infrastructure","status":"publish","type":"page","link":"https:\/\/promergon.de\/de\/what-we-do\/e-mobility-infrastructure\/","title":{"rendered":"E-Mobility Infrastructure"},"content":{"rendered":"<section class=\"section\" id=\"section_1393588169\">\n\t\t<div class=\"section-bg fill\" >\n\t\t\t\t\t\t\t\t\t\n\t\t\t\n\n\t\t<\/div>\n\n\t\t\n\n\t\t<div class=\"section-content relative\">\n\t\t\t\n\n<div class=\"row row-collapse row-full-width\"  id=\"row-1138604971\">\n\n\n\t<div id=\"col-1743066158\" class=\"col small-12 large-12\"  >\n\t\t\t\t<div class=\"col-inner text-center\"  >\n\t\t\t\n\t\t\t\n\n\n  <div class=\"banner has-hover\" id=\"banner-744916128\">\n          <div class=\"banner-inner fill\">\n        <div class=\"banner-bg fill\" >\n            <img loading=\"lazy\" decoding=\"async\" width=\"2560\" height=\"1707\" src=\"https:\/\/promergon.de\/wp-content\/uploads\/2025\/01\/Promergon_EV-Charging-Station-scaled.jpg\" class=\"bg\" alt=\"\" srcset=\"https:\/\/promergon.de\/wp-content\/uploads\/2025\/01\/Promergon_EV-Charging-Station-scaled.jpg 2560w, https:\/\/promergon.de\/wp-content\/uploads\/2025\/01\/Promergon_EV-Charging-Station-600x400.jpg 600w, https:\/\/promergon.de\/wp-content\/uploads\/2025\/01\/Promergon_EV-Charging-Station-1200x800.jpg 1200w, https:\/\/promergon.de\/wp-content\/uploads\/2025\/01\/Promergon_EV-Charging-Station-768x512.jpg 768w, https:\/\/promergon.de\/wp-content\/uploads\/2025\/01\/Promergon_EV-Charging-Station-1536x1024.jpg 1536w, https:\/\/promergon.de\/wp-content\/uploads\/2025\/01\/Promergon_EV-Charging-Station-2048x1365.jpg 2048w, https:\/\/promergon.de\/wp-content\/uploads\/2025\/01\/Promergon_EV-Charging-Station-18x12.jpg 18w, https:\/\/promergon.de\/wp-content\/uploads\/2025\/01\/Promergon_EV-Charging-Station-510x340.jpg 510w\" sizes=\"auto, (max-width: 2560px) 100vw, 2560px\" \/>                                    \n                    <\/div>\n\t\t\n        <div class=\"banner-layers container\">\n            <div class=\"fill banner-link\"><\/div>            \n\n   <div id=\"text-box-45795662\" class=\"text-box banner-layer x50 md-x50 lg-x50 y50 md-y50 lg-y50 res-text\">\n                                <div class=\"text-box-content text dark\">\n              \n              <div class=\"text-inner text-center\">\n                  \n\n\n              <\/div>\n           <\/div>\n                            \n<style>\n#text-box-45795662 {\n  width: 60%;\n}\n#text-box-45795662 .text-box-content {\n  font-size: 100%;\n}\n@media (min-width:550px) {\n  #text-box-45795662 {\n    width: 60%;\n  }\n}\n<\/style>\n    <\/div>\n \n\n        <\/div>\n      <\/div>\n\n            \n<style>\n#banner-744916128 {\n  padding-top: 650px;\n}\n#banner-744916128 .banner-bg img {\n  object-position: 44% 33%;\n}\n<\/style>\n  <\/div>\n\n\n\n\t\t<\/div>\n\t\t\t\t\t<\/div>\n\n\t\n\n<\/div>\n\n\t\t<\/div>\n\n\t\t\n<style>\n#section_1393588169 {\n  padding-top: 0px;\n  padding-bottom: 0px;\n}\n<\/style>\n\t<\/section>\n\t\n\n\t<section class=\"section\" id=\"section_553455874\">\n\t\t<div class=\"section-bg fill\" >\n\t\t\t\t\t\t\t\t\t\n\t\t\t\n\n\t\t<\/div>\n\n\t\t\n\n\t\t<div class=\"section-content relative\">\n\t\t\t\n\n<div class=\"row\" style=\"max-width:1200px\" id=\"row-798150087\">\n\n\n\t<div id=\"col-46318373\" class=\"col medium-11 small-12 large-12\"  >\n\t\t\t\t<div class=\"col-inner\"  >\n\t\t\t\n\t\t\t\n\n\t<div id=\"text-2177933572\" class=\"text\">\n\t\t\n\n<h2>E-Mobilit\u00e4tsinfrastruktur<\/h2>\n\t\t\n<style>\n#text-2177933572 {\n  font-size: 2rem;\n}\n<\/style>\n\t<\/div>\n\t\n<p>PROMERGON bietet komplette, schl\u00fcsselfertige L\u00f6sungen f\u00fcr die E-Mobilit\u00e4tsinfrastruktur, spezialisiert auf Schnellladestationen, die von kompakten Umspannwerken betrieben werden. Wir bedienen B2B-Kunden sowie \u00f6ffentliche Verkehrsunternehmen deutschlandweit und bieten End-to-End-Services \u2013 von der Planung \u00fcber die Installation bis zur Wartung \u2013 zur Unterst\u00fctzung der wachsenden Nachfrage nach Ladestationen f\u00fcr Elektrofahrzeuge (EV). Unsere skalierbare und effiziente Infrastruktur gew\u00e4hrleistet eine zuverl\u00e4ssige Stromversorgung, optimierte Ladezeiten und verbesserte Energieeffizienz und tr\u00e4gt so zur beschleunigten Verbreitung von E-Mobilit\u00e4tsl\u00f6sungen bei.<\/p>\n<div class=\"is-divider divider clearfix\" style=\"max-width:100px;background-color:rgb(216, 168, 68);\"><\/div>\n\n<h2>Umfassende E-Mobilit\u00e4tsl\u00f6sungen<\/h2>\n<p>Die E-Mobilit\u00e4tsservices von PROMERGON sind darauf ausgelegt, sowohl f\u00fcr Betreiber als auch Endnutzer ein nahtloses Erlebnis zu schaffen:<\/p>\n<ul>\n<li><strong>Schnellladestationen<br \/><\/strong>Unsere Schnellladestationen sind auf hohe Effizienz ausgelegt, verk\u00fcrzen Wartezeiten und maximieren die Ladeleistung, um den Anforderungen von gewerblichen Flotten, \u00f6ffentlichem Nahverkehr und privaten Fahrzeugen gerecht zu werden.<\/li>\n<li><strong>Kompakte Umspannwerke<br \/><\/strong>Unsere kompakten Umspannwerke gew\u00e4hrleisten eine zuverl\u00e4ssige Stromversorgung und sind so konzipiert, dass sie sich nahtlos in Ladeinfrastrukturnetze integrieren lassen \u2013 bei minimalem Platzbedarf und hoher Leistungskapazit\u00e4t.<\/li>\n<li><strong>Integrierte Ladeverwaltungssysteme<br \/><\/strong>Wir integrieren fortschrittliche Lade-Management-Software, die die Energieverteilung optimiert, Lasten ausgleicht und den Energieverbrauch reduziert, w\u00e4hrend sie gleichzeitig die Nutzererfahrung durch Echtzeitdaten und Monitoring verbessert.<\/li>\n<\/ul>\n\n\t\t<\/div>\n\t\t\t\t\t<\/div>\n\n\t\n\n<\/div>\n\n\t\t<\/div>\n\n\t\t\n<style>\n#section_553455874 {\n  padding-top: 40px;\n  padding-bottom: 40px;\n  background-color: rgb(255,255,255);\n}\n@media (min-width:550px) {\n  #section_553455874 {\n    padding-top: 80px;\n    padding-bottom: 80px;\n  }\n}\n@media (min-width:850px) {\n  #section_553455874 {\n    padding-top: 30px;\n    padding-bottom: 30px;\n  }\n}\n<\/style>\n\t<\/section>\n\t\n\n\t<section class=\"section\" id=\"section_13886126\">\n\t\t<div class=\"section-bg fill\" >\n\t\t\t\t\t\t\t\t\t\n\t\t\t\n\n\t\t<\/div>\n\n\t\t\n\n\t\t<div class=\"section-content relative\">\n\t\t\t\n\n<div class=\"row\" style=\"max-width:1200px\" id=\"row-578916461\">\n\n\n\t<div id=\"col-1885932593\" class=\"col medium-11 small-12 large-12\"  >\n\t\t\t\t<div class=\"col-inner\"  >\n\t\t\t\n\t\t\t\n\n\t<div id=\"text-2368347380\" class=\"text\">\n\t\t\n\n<h4>Schl\u00fcsselfertige Unterst\u00fctzung im Projektlebenszyklus<\/h4>\n\t\t\n<style>\n#text-2368347380 {\n  font-size: 2rem;\n}\n<\/style>\n\t<\/div>\n\t\n<div class=\"is-divider divider clearfix\" style=\"max-width:100px;background-color:rgb(216, 168, 68);\"><\/div>\n\n<p>Der schl\u00fcsselfertige Ansatz von <strong>PROMERGON<\/strong> gew\u00e4hrleistet eine fachkundige Betreuung jeder Phase Ihres E-Mobilit\u00e4tsprojekts:<\/p>\n<ul>\n<li><strong>Planung und Engineering<br \/><\/strong>Unser Design-Team entwickelt ma\u00dfgeschneiderte Ladel\u00f6sungen, die den spezifischen Anforderungen des Standorts und des Kunden gerecht werden. Dabei achten wir auf effiziente Raumnutzung, optimierten Stromfluss und die Einhaltung aller Vorschriften.<\/li>\n<li><strong>Installation und Inbetriebnahme<br \/><\/strong>Die Installationsteams von <strong>PROMERGON<\/strong> betreuen jeden Schritt \u2013 vom Erdarbeiten bis zur Ger\u00e4teinstallation \u2013 und sorgen so f\u00fcr eine nahtlose Integration und Systemzuverl\u00e4ssigkeit. Die Inbetriebnahme umfasst umfassende Tests, um eine leistungsstarke Funktionalit\u00e4t ab dem ersten Tag sicherzustellen.<\/li>\n<li><strong>Wartung und Support<br \/><\/strong>Unsere langfristigen Wartungsleistungen bieten pr\u00e4ventive Pflege, Diagnose und Upgrades, um die Ladeinfrastruktur stets auf H\u00f6chstleistung zu halten, Ausfallzeiten zu minimieren und die Investitionsrendite zu maximieren.<\/li>\n<\/ul>\n<div class=\"is-divider divider clearfix\" style=\"max-width:100px;background-color:rgb(216, 168, 68);\"><\/div>\n\n<h4>Vorteile der E-Mobilit\u00e4tsinfrastruktur von <strong>PROMERGON<\/strong><\/h4>\n<ul>\n<li><strong>Zuverl\u00e4ssigkeit und Skalierbarkeit<br \/><\/strong>Unsere Ladeinfrastruktur ist flexibel und skalierbar konzipiert, um mit der steigenden Nachfrage und den zuk\u00fcnftigen Energieanforderungen mitzuwachsen.<\/li>\n<li><strong>Schnellere Ladezeiten<br \/><\/strong>Unsere Schnelllade-L\u00f6sungen sind auf kurze Ladezyklen optimiert, bieten leistungsstarkes Laden, verk\u00fcrzen Wartezeiten und verbessern die Kundenzufriedenheit.<\/li>\n<li><strong>Energieeffizienz<br \/><\/strong>Durch integriertes Energiemanagement optimieren unsere Systeme die Energieverteilung, reduzieren Verluste und unterst\u00fctzen nachhaltigen Betrieb.<\/li>\n<\/ul>\n<div class=\"is-divider divider clearfix\" style=\"max-width:100px;background-color:rgb(216, 168, 68);\"><\/div>\n\n<h4>Warum PROMERGON w\u00e4hlen?<\/h4>\n<ul>\n<li><strong>Expertise bei Hochleistungsladel\u00f6sungen<br \/>PROMERGON<\/strong> verf\u00fcgt \u00fcber umfassende Erfahrung mit kompakten Umspannwerken und Schnellladetechnologien und ist somit ein f\u00fchrender Anbieter im Bereich E-Mobilit\u00e4t.<\/li>\n<li><strong>Schl\u00fcsselfertige Exzellenz<br \/><\/strong>Unsere umfassenden Dienstleistungen begleiten Ihr Projekt von der Planung bis zur dauerhaften Unterst\u00fctzung und garantieren reibungslose Umsetzung sowie zuverl\u00e4ssige Leistung, zugeschnitten auf die individuellen Anforderungen jedes Kunden.<\/li>\n<li><strong>Engagement f\u00fcr Nachhaltigkeit und Effizienz<br \/>PROMERGON<\/strong> legt gro\u00dfen Wert auf Energieeffizienz und tr\u00e4gt so zu einer nachhaltigen Infrastruktur bei, die Deutschlands Wandel zur Elektromobilit\u00e4t f\u00f6rdert.<\/li>\n<\/ul>\n<p>Die E-Mobilit\u00e4tsinfrastruktur von <strong>PROMERGON<\/strong> bietet die Zuverl\u00e4ssigkeit, Schnelligkeit und Skalierbarkeit, die f\u00fcr die Zukunft der Elektromobilit\u00e4t erforderlich sind. Mit unseren schl\u00fcsselfertigen L\u00f6sungen und modernster Ladetechnologie unterst\u00fctzen wir Kunden dabei, der steigenden Nachfrage nach Ladeinfrastruktur mit robusten, effizienten und zukunftsf\u00e4higen Systemen gerecht zu werden.<\/p>\n<p>\u00a0<\/p>\n<p>\u00a0<\/p>\n\n\t\t<\/div>\n\t\t\t\t\t<\/div>\n\n\t\n\n<\/div>\n\n\t\t<\/div>\n\n\t\t\n<style>\n#section_13886126 {\n  padding-top: 40px;\n  padding-bottom: 40px;\n  background-color: rgb(255,255,255);\n}\n@media (min-width:550px) {\n  #section_13886126 {\n    padding-top: 80px;\n    padding-bottom: 80px;\n  }\n}\n@media (min-width:850px) {\n  #section_13886126 {\n    padding-top: 30px;\n    padding-bottom: 30px;\n  }\n}\n<\/style>\n\t<\/section>","protected":false},"excerpt":{"rendered":"","protected":false},"author":2,"featured_media":0,"parent":4983,"menu_order":0,"comment_status":"closed","ping_status":"closed","template":"page-blank.php","meta":{"_acf_changed":false,"footnotes":""},"class_list":["post-14271","page","type-page","status-publish","hentry"],"acf":[],"yoast_head":"<!-- This site is optimized with the Yoast SEO plugin v27.4 - https:\/\/yoast.com\/product\/yoast-seo-wordpress\/ -->\n<title>E-Mobility Infrastructure - Promergon<\/title>\n<meta name=\"robots\" content=\"index, follow, max-snippet:-1, max-image-preview:large, max-video-preview:-1\" \/>\n<link rel=\"canonical\" href=\"https:\/\/promergon.de\/de\/what-we-do\/e-mobility-infrastructure\/\" \/>\n<meta property=\"og:locale\" content=\"de_DE\" \/>\n<meta property=\"og:type\" content=\"article\" \/>\n<meta property=\"og:title\" content=\"E-Mobility Infrastructure - Promergon\" \/>\n<meta property=\"og:url\" content=\"https:\/\/promergon.de\/de\/what-we-do\/e-mobility-infrastructure\/\" \/>\n<meta property=\"og:site_name\" content=\"Promergon\" \/>\n<meta property=\"article:modified_time\" content=\"2025-05-30T20:15:40+00:00\" \/>\n<meta name=\"twitter:card\" content=\"summary_large_image\" \/>\n<meta name=\"twitter:label1\" content=\"Gesch\u00e4tzte Lesezeit\" \/>\n\t<meta name=\"twitter:data1\" content=\"3\u00a0Minuten\" \/>\n<script type=\"application\/ld+json\" class=\"yoast-schema-graph\">{\"@context\":\"https:\\\/\\\/schema.org\",\"@graph\":[{\"@type\":\"WebPage\",\"@id\":\"https:\\\/\\\/promergon.de\\\/what-we-do\\\/e-mobility-infrastructure\\\/\",\"url\":\"https:\\\/\\\/promergon.de\\\/what-we-do\\\/e-mobility-infrastructure\\\/\",\"name\":\"E-Mobility Infrastructure - Promergon\",\"isPartOf\":{\"@id\":\"https:\\\/\\\/promergon.de\\\/#website\"},\"datePublished\":\"2025-01-05T11:57:30+00:00\",\"dateModified\":\"2025-05-30T20:15:40+00:00\",\"breadcrumb\":{\"@id\":\"https:\\\/\\\/promergon.de\\\/what-we-do\\\/e-mobility-infrastructure\\\/#breadcrumb\"},\"inLanguage\":\"de\",\"potentialAction\":[{\"@type\":\"ReadAction\",\"target\":[\"https:\\\/\\\/promergon.de\\\/what-we-do\\\/e-mobility-infrastructure\\\/\"]}]},{\"@type\":\"BreadcrumbList\",\"@id\":\"https:\\\/\\\/promergon.de\\\/what-we-do\\\/e-mobility-infrastructure\\\/#breadcrumb\",\"itemListElement\":[{\"@type\":\"ListItem\",\"position\":1,\"name\":\"Home\",\"item\":\"https:\\\/\\\/promergon.de\\\/\"},{\"@type\":\"ListItem\",\"position\":2,\"name\":\"What we do\",\"item\":\"https:\\\/\\\/promergon.de\\\/what-we-do\\\/\"},{\"@type\":\"ListItem\",\"position\":3,\"name\":\"E-Mobility Infrastructure\"}]},{\"@type\":\"WebSite\",\"@id\":\"https:\\\/\\\/promergon.de\\\/#website\",\"url\":\"https:\\\/\\\/promergon.de\\\/\",\"name\":\"Promergon\",\"description\":\"Engineering Solutions\",\"publisher\":{\"@id\":\"https:\\\/\\\/promergon.de\\\/#organization\"},\"potentialAction\":[{\"@type\":\"SearchAction\",\"target\":{\"@type\":\"EntryPoint\",\"urlTemplate\":\"https:\\\/\\\/promergon.de\\\/?s={search_term_string}\"},\"query-input\":{\"@type\":\"PropertyValueSpecification\",\"valueRequired\":true,\"valueName\":\"search_term_string\"}}],\"inLanguage\":\"de\"},{\"@type\":\"Organization\",\"@id\":\"https:\\\/\\\/promergon.de\\\/#organization\",\"name\":\"Promergon\",\"url\":\"https:\\\/\\\/promergon.de\\\/\",\"logo\":{\"@type\":\"ImageObject\",\"inLanguage\":\"de\",\"@id\":\"https:\\\/\\\/promergon.de\\\/#\\\/schema\\\/logo\\\/image\\\/\",\"url\":\"https:\\\/\\\/promergon.de\\\/wp-content\\\/uploads\\\/2024\\\/11\\\/cropped-cropped-cropped-Logo-Promergon-1.jpg\",\"contentUrl\":\"https:\\\/\\\/promergon.de\\\/wp-content\\\/uploads\\\/2024\\\/11\\\/cropped-cropped-cropped-Logo-Promergon-1.jpg\",\"width\":512,\"height\":93,\"caption\":\"Promergon\"},\"image\":{\"@id\":\"https:\\\/\\\/promergon.de\\\/#\\\/schema\\\/logo\\\/image\\\/\"}}]}<\/script>\n<!-- \/ Yoast SEO plugin. -->","yoast_head_json":{"title":"E-Mobility Infrastructure - Promergon","robots":{"index":"index","follow":"follow","max-snippet":"max-snippet:-1","max-image-preview":"max-image-preview:large","max-video-preview":"max-video-preview:-1"},"canonical":"https:\/\/promergon.de\/de\/what-we-do\/e-mobility-infrastructure\/","og_locale":"de_DE","og_type":"article","og_title":"E-Mobility Infrastructure - Promergon","og_url":"https:\/\/promergon.de\/de\/what-we-do\/e-mobility-infrastructure\/","og_site_name":"Promergon","article_modified_time":"2025-05-30T20:15:40+00:00","twitter_card":"summary_large_image","twitter_misc":{"Gesch\u00e4tzte Lesezeit":"3\u00a0Minuten"},"schema":{"@context":"https:\/\/schema.org","@graph":[{"@type":"WebPage","@id":"https:\/\/promergon.de\/what-we-do\/e-mobility-infrastructure\/","url":"https:\/\/promergon.de\/what-we-do\/e-mobility-infrastructure\/","name":"E-Mobility Infrastructure - Promergon","isPartOf":{"@id":"https:\/\/promergon.de\/#website"},"datePublished":"2025-01-05T11:57:30+00:00","dateModified":"2025-05-30T20:15:40+00:00","breadcrumb":{"@id":"https:\/\/promergon.de\/what-we-do\/e-mobility-infrastructure\/#breadcrumb"},"inLanguage":"de","potentialAction":[{"@type":"ReadAction","target":["https:\/\/promergon.de\/what-we-do\/e-mobility-infrastructure\/"]}]},{"@type":"BreadcrumbList","@id":"https:\/\/promergon.de\/what-we-do\/e-mobility-infrastructure\/#breadcrumb","itemListElement":[{"@type":"ListItem","position":1,"name":"Home","item":"https:\/\/promergon.de\/"},{"@type":"ListItem","position":2,"name":"What we do","item":"https:\/\/promergon.de\/what-we-do\/"},{"@type":"ListItem","position":3,"name":"E-Mobility Infrastructure"}]},{"@type":"WebSite","@id":"https:\/\/promergon.de\/#website","url":"https:\/\/promergon.de\/","name":"Promergon","description":"Engineering Solutions","publisher":{"@id":"https:\/\/promergon.de\/#organization"},"potentialAction":[{"@type":"SearchAction","target":{"@type":"EntryPoint","urlTemplate":"https:\/\/promergon.de\/?s={search_term_string}"},"query-input":{"@type":"PropertyValueSpecification","valueRequired":true,"valueName":"search_term_string"}}],"inLanguage":"de"},{"@type":"Organization","@id":"https:\/\/promergon.de\/#organization","name":"Promergon","url":"https:\/\/promergon.de\/","logo":{"@type":"ImageObject","inLanguage":"de","@id":"https:\/\/promergon.de\/#\/schema\/logo\/image\/","url":"https:\/\/promergon.de\/wp-content\/uploads\/2024\/11\/cropped-cropped-cropped-Logo-Promergon-1.jpg","contentUrl":"https:\/\/promergon.de\/wp-content\/uploads\/2024\/11\/cropped-cropped-cropped-Logo-Promergon-1.jpg","width":512,"height":93,"caption":"Promergon"},"image":{"@id":"https:\/\/promergon.de\/#\/schema\/logo\/image\/"}}]}},"_links":{"self":[{"href":"https:\/\/promergon.de\/de\/wp-json\/wp\/v2\/pages\/14271","targetHints":{"allow":["GET"]}}],"collection":[{"href":"https:\/\/promergon.de\/de\/wp-json\/wp\/v2\/pages"}],"about":[{"href":"https:\/\/promergon.de\/de\/wp-json\/wp\/v2\/types\/page"}],"author":[{"embeddable":true,"href":"https:\/\/promergon.de\/de\/wp-json\/wp\/v2\/users\/2"}],"replies":[{"embeddable":true,"href":"https:\/\/promergon.de\/de\/wp-json\/wp\/v2\/comments?post=14271"}],"version-history":[{"count":11,"href":"https:\/\/promergon.de\/de\/wp-json\/wp\/v2\/pages\/14271\/revisions"}],"predecessor-version":[{"id":15083,"href":"https:\/\/promergon.de\/de\/wp-json\/wp\/v2\/pages\/14271\/revisions\/15083"}],"up":[{"embeddable":true,"href":"https:\/\/promergon.de\/de\/wp-json\/wp\/v2\/pages\/4983"}],"wp:attachment":[{"href":"https:\/\/promergon.de\/de\/wp-json\/wp\/v2\/media?parent=14271"}],"curies":[{"name":"wp","href":"https:\/\/api.w.org\/{rel}","templated":true}]}}