{"id":15167,"date":"2025-06-03T06:43:30","date_gmt":"2025-06-03T06:43:30","guid":{"rendered":"https:\/\/promergon.de\/?page_id=15167"},"modified":"2025-06-04T13:00:03","modified_gmt":"2025-06-04T13:00:03","slug":"impressum","status":"publish","type":"page","link":"https:\/\/promergon.de\/de\/impressum\/","title":{"rendered":"Impressum"},"content":{"rendered":"<section class=\"section\" id=\"section_1427534167\">\n\t\t<div class=\"section-bg fill\" >\n\t\t\t\t\t\t\t\t\t\n\t\t\t\n\n\t\t<\/div>\n\n\t\t\n\n\t\t<div class=\"section-content relative\">\n\t\t\t\n\n<div class=\"row\"  id=\"row-1793938908\">\n\n\n\t<div id=\"col-593853251\" class=\"col small-12 large-12\"  >\n\t\t\t\t<div class=\"col-inner\"  >\n\t\t\t\n\t\t\t\n\n\t<div id=\"text-1475645633\" class=\"text\">\n\t\t\n\n<h2>Impressum<\/h2>\n\t\t\n<style>\n#text-1475645633 {\n  font-size: 2rem;\n}\n<\/style>\n\t<\/div>\n\t\n<div class=\"is-divider divider clearfix\" style=\"max-width:20%;background-color:rgb(0, 0, 0);\"><\/div>\n\n<p><b>Angaben gem\u00e4\u00df \u00a7 5 TMG:<\/b><\/p>\n<p><b>Promergon GmbH<\/b><span style=\"font-weight: 400;\"><br \/><\/span><span style=\"font-weight: 400;\">Dreischeibenhaus 1<br \/>40211 D\u00fcsseldorf<\/span><span style=\"font-weight: 400;\"><br \/><\/span><span style=\"font-weight: 400;\">Deutschland<\/span><\/p>\n<p><b>Vertreten durch:<\/b><span style=\"font-weight: 400;\"><br \/><\/span><span style=\"font-weight: 400;\">Dimitrios Karatzias<\/span><\/p>\n<p><b>Inhaltlich Verantwortlicher gem\u00e4\u00df \u00a7 55 Abs. 2 RStV:<\/b><span style=\"font-weight: 400;\"><br \/><\/span><span style=\"font-weight: 400;\">Promergon GmbH<\/span><\/p>\n<p><b>Kontakt:<\/b><span style=\"font-weight: 400;\"><br \/><\/span><span style=\"font-weight: 400;\">E-Mail:\u00a0<\/span><a href=\"mailto:info@promergon.com\"><span style=\"font-weight: 400;\">info@promergon.com<\/span><span style=\"font-weight: 400;\"><br \/><\/span><\/a><span style=\"font-weight: 400;\">Tel: +49 211 88 250 &#8211; 199<\/span><\/p>\n<p><b>Registergericht:<\/b><span style=\"font-weight: 400;\"><br \/><\/span><span style=\"font-weight: 400;\">Amtsgericht D\u00fcsseldorf<\/span><span style=\"font-weight: 400;\"><br \/><\/span><span style=\"font-weight: 400;\"><br \/><\/span><b>Registernummer:<\/b><span style=\"font-weight: 400;\"><br \/><\/span><span style=\"font-weight: 400;\">HRB 106505<\/span><span style=\"font-weight: 400;\"><br \/><\/span><span style=\"font-weight: 400;\"><br \/><\/span><b>USt.-ID:<\/b><span style=\"font-weight: 400;\"><br \/><\/span><span style=\"font-weight: 400;\">DE450887946<\/span><span style=\"font-weight: 400;\"><br \/><\/span><span style=\"font-weight: 400;\"><br \/><\/span><b>Streitschlichtung:<\/b><span style=\"font-weight: 400;\"><br \/><\/span><span style=\"font-weight: 400;\">Die Europ\u00e4ische Kommission stellt eine Plattform zur Online-Streitbeilegung (OS) bereit: https:\/\/ec.europa.eu\/consumers\/odr<\/span><span style=\"font-weight: 400;\"><br \/><\/span><span style=\"font-weight: 400;\">Unsere E-Mail-Adresse finden Sie oben im Impressum.<\/span><\/p>\n<p><span style=\"font-weight: 400;\">Wir sind nicht bereit oder verpflichtet, an Streitbeilegungsverfahren vor einer Verbraucherschlichtungsstelle teilzunehmen.<\/span><\/p>\n<p><b>Haftungsausschluss (Disclaimer)<\/b><\/p>\n<p><b>Haftung f\u00fcr Inhalte<\/b><\/p>\n<p><span style=\"font-weight: 400;\">Als Diensteanbieter sind wir gem\u00e4\u00df \u00a7 7 Abs.1 TMG f\u00fcr eigene Inhalte auf diesen Seiten nach den allgemeinen Gesetzen verantwortlich. Nach \u00a7\u00a7 8 bis 10 TMG sind wir als Diensteanbieter jedoch nicht verpflichtet, \u00fcbermittelte oder gespeicherte fremde Informationen zu \u00fcberwachen oder nach Umst\u00e4nden zu forschen, die auf eine rechtswidrige T\u00e4tigkeit hinweisen. Verpflichtungen zur Entfernung oder Sperrung der Nutzung von Informationen nach den allgemeinen Gesetzen bleiben hiervon unber\u00fchrt. Eine diesbez\u00fcgliche Haftung ist jedoch erst ab dem Zeitpunkt der Kenntnis einer konkreten Rechtsverletzung m\u00f6glich. Bei Bekanntwerden von entsprechenden Rechtsverletzungen werden wir diese Inhalte umgehend entfernen.<\/span><\/p>\n<p><b>Widerspruch Werbe-Mails<\/b><\/p>\n<p><span style=\"font-weight: 400;\">Der Nutzung von Kontaktdaten (die im Rahmen der Impressumspflicht ver\u00f6ffentlicht wurden) zur \u00dcbersendung von nicht ausdr\u00fccklich angeforderter Werbung und Informationen wird hiermit widersprochen. Der Seitenbetreiber beh\u00e4lt sich rechtliche Schritte bei unverlangter Zusendung von Werbeinformationen, insbesondere bei Spam-E-Mails, vor.<\/span><\/p>\n<p><b>Urheberrecht<\/b><\/p>\n<p><span style=\"font-weight: 400;\">Die durch die Seitenbetreiber erstellten Inhalte und Werke auf diesen Seiten unterliegen dem deutschen Urheberrecht. Die Vervielf\u00e4ltigung, Bearbeitung, Verbreitung und jede Art der Verwertung au\u00dferhalb der Grenzen des Urheberrechtes bed\u00fcrfen der schriftlichen Zustimmung des jeweiligen Autors bzw. Erstellers. Downloads und Kopien dieser Seite sind nur f\u00fcr den privaten, nicht kommerziellen Gebrauch gestattet. Soweit die Inhalte auf dieser Seite nicht vom Betreiber erstellt wurden, werden die Urheberrechte Dritter beachtet. Insbesondere werden Inhalte Dritter als solche gekennzeichnet. Sollten Sie trotzdem auf eine Urheberrechtsverletzung aufmerksam werden, bitten wir um einen entsprechenden Hinweis. Bei Bekanntwerden von Rechtsverletzungen werden wir derartige Inhalte umgehend entfernen.<\/span><\/p>\n\n\t\t<\/div>\n\t\t\t\t\t<\/div>\n\n\t\n\n<\/div>\n\n\t\t<\/div>\n\n\t\t\n<style>\n#section_1427534167 {\n  padding-top: 30px;\n  padding-bottom: 30px;\n  background-color: rgb(244, 244, 244);\n}\n<\/style>\n\t<\/section>","protected":false},"excerpt":{"rendered":"","protected":false},"author":2,"featured_media":0,"parent":0,"menu_order":0,"comment_status":"closed","ping_status":"closed","template":"","meta":{"_acf_changed":false,"footnotes":""},"class_list":["post-15167","page","type-page","status-publish","hentry"],"acf":[],"yoast_head":"<!-- This site is optimized with the Yoast SEO plugin v27.4 - https:\/\/yoast.com\/product\/yoast-seo-wordpress\/ -->\n<title>Impressum - Promergon<\/title>\n<meta name=\"robots\" content=\"index, follow, max-snippet:-1, max-image-preview:large, max-video-preview:-1\" \/>\n<link rel=\"canonical\" href=\"https:\/\/promergon.de\/de\/impressum\/\" \/>\n<meta property=\"og:locale\" content=\"de_DE\" \/>\n<meta property=\"og:type\" content=\"article\" \/>\n<meta property=\"og:title\" content=\"Impressum - Promergon\" \/>\n<meta property=\"og:url\" content=\"https:\/\/promergon.de\/de\/impressum\/\" \/>\n<meta property=\"og:site_name\" content=\"Promergon\" \/>\n<meta property=\"article:modified_time\" content=\"2025-06-04T13:00:03+00:00\" \/>\n<meta name=\"twitter:card\" content=\"summary_large_image\" \/>\n<meta name=\"twitter:label1\" content=\"Gesch\u00e4tzte Lesezeit\" \/>\n\t<meta name=\"twitter:data1\" content=\"2\u00a0Minuten\" \/>\n<script type=\"application\/ld+json\" class=\"yoast-schema-graph\">{\"@context\":\"https:\\\/\\\/schema.org\",\"@graph\":[{\"@type\":\"WebPage\",\"@id\":\"https:\\\/\\\/promergon.de\\\/impressum\\\/\",\"url\":\"https:\\\/\\\/promergon.de\\\/impressum\\\/\",\"name\":\"Impressum - Promergon\",\"isPartOf\":{\"@id\":\"https:\\\/\\\/promergon.de\\\/#website\"},\"datePublished\":\"2025-06-03T06:43:30+00:00\",\"dateModified\":\"2025-06-04T13:00:03+00:00\",\"breadcrumb\":{\"@id\":\"https:\\\/\\\/promergon.de\\\/impressum\\\/#breadcrumb\"},\"inLanguage\":\"de\",\"potentialAction\":[{\"@type\":\"ReadAction\",\"target\":[\"https:\\\/\\\/promergon.de\\\/impressum\\\/\"]}]},{\"@type\":\"BreadcrumbList\",\"@id\":\"https:\\\/\\\/promergon.de\\\/impressum\\\/#breadcrumb\",\"itemListElement\":[{\"@type\":\"ListItem\",\"position\":1,\"name\":\"Home\",\"item\":\"https:\\\/\\\/promergon.de\\\/\"},{\"@type\":\"ListItem\",\"position\":2,\"name\":\"Impressum\"}]},{\"@type\":\"WebSite\",\"@id\":\"https:\\\/\\\/promergon.de\\\/#website\",\"url\":\"https:\\\/\\\/promergon.de\\\/\",\"name\":\"Promergon\",\"description\":\"Engineering Solutions\",\"publisher\":{\"@id\":\"https:\\\/\\\/promergon.de\\\/#organization\"},\"potentialAction\":[{\"@type\":\"SearchAction\",\"target\":{\"@type\":\"EntryPoint\",\"urlTemplate\":\"https:\\\/\\\/promergon.de\\\/?s={search_term_string}\"},\"query-input\":{\"@type\":\"PropertyValueSpecification\",\"valueRequired\":true,\"valueName\":\"search_term_string\"}}],\"inLanguage\":\"de\"},{\"@type\":\"Organization\",\"@id\":\"https:\\\/\\\/promergon.de\\\/#organization\",\"name\":\"Promergon\",\"url\":\"https:\\\/\\\/promergon.de\\\/\",\"logo\":{\"@type\":\"ImageObject\",\"inLanguage\":\"de\",\"@id\":\"https:\\\/\\\/promergon.de\\\/#\\\/schema\\\/logo\\\/image\\\/\",\"url\":\"https:\\\/\\\/promergon.de\\\/wp-content\\\/uploads\\\/2024\\\/11\\\/cropped-cropped-cropped-Logo-Promergon-1.jpg\",\"contentUrl\":\"https:\\\/\\\/promergon.de\\\/wp-content\\\/uploads\\\/2024\\\/11\\\/cropped-cropped-cropped-Logo-Promergon-1.jpg\",\"width\":512,\"height\":93,\"caption\":\"Promergon\"},\"image\":{\"@id\":\"https:\\\/\\\/promergon.de\\\/#\\\/schema\\\/logo\\\/image\\\/\"}}]}<\/script>\n<!-- \/ Yoast SEO plugin. -->","yoast_head_json":{"title":"Impressum - Promergon","robots":{"index":"index","follow":"follow","max-snippet":"max-snippet:-1","max-image-preview":"max-image-preview:large","max-video-preview":"max-video-preview:-1"},"canonical":"https:\/\/promergon.de\/de\/impressum\/","og_locale":"de_DE","og_type":"article","og_title":"Impressum - Promergon","og_url":"https:\/\/promergon.de\/de\/impressum\/","og_site_name":"Promergon","article_modified_time":"2025-06-04T13:00:03+00:00","twitter_card":"summary_large_image","twitter_misc":{"Gesch\u00e4tzte Lesezeit":"2\u00a0Minuten"},"schema":{"@context":"https:\/\/schema.org","@graph":[{"@type":"WebPage","@id":"https:\/\/promergon.de\/impressum\/","url":"https:\/\/promergon.de\/impressum\/","name":"Impressum - Promergon","isPartOf":{"@id":"https:\/\/promergon.de\/#website"},"datePublished":"2025-06-03T06:43:30+00:00","dateModified":"2025-06-04T13:00:03+00:00","breadcrumb":{"@id":"https:\/\/promergon.de\/impressum\/#breadcrumb"},"inLanguage":"de","potentialAction":[{"@type":"ReadAction","target":["https:\/\/promergon.de\/impressum\/"]}]},{"@type":"BreadcrumbList","@id":"https:\/\/promergon.de\/impressum\/#breadcrumb","itemListElement":[{"@type":"ListItem","position":1,"name":"Home","item":"https:\/\/promergon.de\/"},{"@type":"ListItem","position":2,"name":"Impressum"}]},{"@type":"WebSite","@id":"https:\/\/promergon.de\/#website","url":"https:\/\/promergon.de\/","name":"Promergon","description":"Engineering Solutions","publisher":{"@id":"https:\/\/promergon.de\/#organization"},"potentialAction":[{"@type":"SearchAction","target":{"@type":"EntryPoint","urlTemplate":"https:\/\/promergon.de\/?s={search_term_string}"},"query-input":{"@type":"PropertyValueSpecification","valueRequired":true,"valueName":"search_term_string"}}],"inLanguage":"de"},{"@type":"Organization","@id":"https:\/\/promergon.de\/#organization","name":"Promergon","url":"https:\/\/promergon.de\/","logo":{"@type":"ImageObject","inLanguage":"de","@id":"https:\/\/promergon.de\/#\/schema\/logo\/image\/","url":"https:\/\/promergon.de\/wp-content\/uploads\/2024\/11\/cropped-cropped-cropped-Logo-Promergon-1.jpg","contentUrl":"https:\/\/promergon.de\/wp-content\/uploads\/2024\/11\/cropped-cropped-cropped-Logo-Promergon-1.jpg","width":512,"height":93,"caption":"Promergon"},"image":{"@id":"https:\/\/promergon.de\/#\/schema\/logo\/image\/"}}]}},"_links":{"self":[{"href":"https:\/\/promergon.de\/de\/wp-json\/wp\/v2\/pages\/15167","targetHints":{"allow":["GET"]}}],"collection":[{"href":"https:\/\/promergon.de\/de\/wp-json\/wp\/v2\/pages"}],"about":[{"href":"https:\/\/promergon.de\/de\/wp-json\/wp\/v2\/types\/page"}],"author":[{"embeddable":true,"href":"https:\/\/promergon.de\/de\/wp-json\/wp\/v2\/users\/2"}],"replies":[{"embeddable":true,"href":"https:\/\/promergon.de\/de\/wp-json\/wp\/v2\/comments?post=15167"}],"version-history":[{"count":4,"href":"https:\/\/promergon.de\/de\/wp-json\/wp\/v2\/pages\/15167\/revisions"}],"predecessor-version":[{"id":15176,"href":"https:\/\/promergon.de\/de\/wp-json\/wp\/v2\/pages\/15167\/revisions\/15176"}],"wp:attachment":[{"href":"https:\/\/promergon.de\/de\/wp-json\/wp\/v2\/media?parent=15167"}],"curies":[{"name":"wp","href":"https:\/\/api.w.org\/{rel}","templated":true}]}}