{"id":6136,"date":"2022-04-15T10:29:53","date_gmt":"2022-04-15T10:29:53","guid":{"rendered":"https:\/\/archicon.qodeinteractive.com\/?page_id=6136"},"modified":"2025-06-01T08:16:10","modified_gmt":"2025-06-01T08:16:10","slug":"who-we-are","status":"publish","type":"page","link":"https:\/\/promergon.de\/de\/who-we-are\/","title":{"rendered":"Who we are"},"content":{"rendered":"<section class=\"section\" id=\"section_1005953205\">\n\t\t<div class=\"section-bg fill\" >\n\t\t\t\t\t\t\t\t\t\n\t\t\t\n\n\t\t<\/div>\n\n\t\t\n\n\t\t<div class=\"section-content relative\">\n\t\t\t\n\n<div class=\"row row-collapse row-full-width\"  id=\"row-542844888\">\n\n\n\t<div id=\"col-676650126\" class=\"col small-12 large-12\"  >\n\t\t\t\t<div class=\"col-inner text-center\"  >\n\t\t\t\n\t\t\t\n\n\n  <div class=\"banner has-hover\" id=\"banner-921173399\">\n          <div class=\"banner-inner fill\">\n        <div class=\"banner-bg fill\" >\n            <img loading=\"lazy\" decoding=\"async\" width=\"2048\" height=\"1366\" src=\"https:\/\/promergon.de\/wp-content\/uploads\/2025\/01\/Promergon_Who-we-are-Blur-2.jpg\" class=\"bg\" alt=\"\" srcset=\"https:\/\/promergon.de\/wp-content\/uploads\/2025\/01\/Promergon_Who-we-are-Blur-2.jpg 2048w, https:\/\/promergon.de\/wp-content\/uploads\/2025\/01\/Promergon_Who-we-are-Blur-2-600x400.jpg 600w, https:\/\/promergon.de\/wp-content\/uploads\/2025\/01\/Promergon_Who-we-are-Blur-2-1199x800.jpg 1199w, https:\/\/promergon.de\/wp-content\/uploads\/2025\/01\/Promergon_Who-we-are-Blur-2-768x512.jpg 768w, https:\/\/promergon.de\/wp-content\/uploads\/2025\/01\/Promergon_Who-we-are-Blur-2-1536x1025.jpg 1536w, https:\/\/promergon.de\/wp-content\/uploads\/2025\/01\/Promergon_Who-we-are-Blur-2-18x12.jpg 18w, https:\/\/promergon.de\/wp-content\/uploads\/2025\/01\/Promergon_Who-we-are-Blur-2-510x340.jpg 510w\" sizes=\"auto, (max-width: 2048px) 100vw, 2048px\" \/>                                    \n                    <\/div>\n\t\t\n        <div class=\"banner-layers container\">\n            <div class=\"fill banner-link\"><\/div>            \n\n   <div id=\"text-box-1699957209\" class=\"text-box banner-layer hidden x50 md-x50 lg-x50 y50 md-y50 lg-y50 res-text\">\n                                <div class=\"text-box-content text dark\">\n              \n              <div class=\"text-inner text-center\">\n                  \n\n<h3 class=\"uppercase\"><strong>This is a simple banner<\/strong><\/h3>\n<p>Lorem ipsum dolor sit amet, consectetuer adipiscing elit, sed diam nonummy nibh euismod tincidunt ut laoreet dolore magna aliquam erat volutpat.<\/p>\n\n              <\/div>\n           <\/div>\n                            \n<style>\n#text-box-1699957209 {\n  width: 60%;\n}\n#text-box-1699957209 .text-box-content {\n  font-size: 100%;\n}\n<\/style>\n    <\/div>\n \n\n        <\/div>\n      <\/div>\n\n            \n<style>\n#banner-921173399 {\n  padding-top: 650px;\n}\n#banner-921173399 .banner-bg img {\n  object-position: 48% 90%;\n}\n<\/style>\n  <\/div>\n\n\n\n\t\t<\/div>\n\t\t\t\t\t<\/div>\n\n\t\n\n<\/div>\n\n\t\t<\/div>\n\n\t\t\n<style>\n#section_1005953205 {\n  padding-top: 0px;\n  padding-bottom: 0px;\n}\n<\/style>\n\t<\/section>\n\t\n\n\t<section class=\"section\" id=\"section_288162578\">\n\t\t<div class=\"section-bg fill\" >\n\t\t\t\t\t\t\t\t\t\n\t\t\t\n\n\t\t<\/div>\n\n\t\t\n\n\t\t<div class=\"section-content relative\">\n\t\t\t\n\n<div class=\"row align-middle\"  id=\"row-391217992\">\n\n\n\t<div id=\"col-349637144\" class=\"col small-12 large-12\"  >\n\t\t\t\t<div class=\"col-inner text-center\"  >\n\t\t\t\n\t\t\t\n\n\t<div id=\"text-987918469\" class=\"text\">\n\t\t\n\n<h2>Wer wir sind<\/h2>\n<h4>Innovation antreiben, Nachhaltigkeit schaffen<\/h4>\n\t\t\n<style>\n#text-987918469 {\n  font-size: 2rem;\n}\n<\/style>\n\t<\/div>\n\t\n\n\t\t<\/div>\n\t\t\t\t\t<\/div>\n\n\t\n\n<\/div>\n<div class=\"row align-middle\"  id=\"row-1263432888\">\n\n\n\t<div id=\"col-1571456736\" class=\"col small-12 large-12\"  data-animate=\"fadeInLeft\">\n\t\t\t\t<div class=\"col-inner\"  >\n\t\t\t\n\t\t\t\n\n<p>Bei\u00a0<strong>PROMERGON<\/strong>\u00a0sind wir Vorreiter in Beratung, Planung und Bau im Energiesektor und bieten umfassende, ma\u00dfgeschneiderte L\u00f6sungen, die die komplexen Herausforderungen der heutigen Energielandschaft meistern. Unser unerm\u00fcdliches Engagement f\u00fcr Kundenzufriedenheit treibt uns an, innovative Entw\u00fcrfe zu liefern und Projekte nahtlos umzusetzen. So bauen wir dauerhafte Partnerschaften auf, die auf Vertrauen und gemeinsamem Erfolg basieren.<\/p>\n<p><strong>PROMERGON<\/strong>\u00a0widmet sich der Entwicklung nachhaltiger und fortschrittlicher L\u00f6sungen im Bereich der Elektrotechnik, mit besonderem Schwerpunkt auf erneuerbaren Energien, Kraftwerken, elektrischen \u00dcbertragungssystemen sowie Mittel- bis Hochspannungsschaltanlagen und elektromechanischen Systemen. Unser Dienstleistungsangebot umfasst den gesamten Projektlebenszyklus \u2013 von Planung \u00fcber Installation bis hin zu Wartung von Erzeugungs-, \u00dcbertragungs- und Verteilungssystemen.<\/p>\n<p>Mit starkem Fokus auf Nachhaltigkeit bietet\u00a0<strong>PROMERGON<\/strong>\u00a0schl\u00fcsselfertige Komplettl\u00f6sungen, die fachkundige Planung, Projektmanagement und Bau integrieren. Unsere Mission ist es, die Energiebranche in eine nachhaltigere Zukunft zu f\u00fchren und L\u00f6sungen zu liefern, die den Anforderungen von heute gerecht werden und f\u00fcr die Bed\u00fcrfnisse von morgen vorbereiten.<\/p>\n\n\t\t<\/div>\n\t\t\t\t\t<\/div>\n\n\t\n\n<\/div>\n\n\t\t<\/div>\n\n\t\t\n<style>\n#section_288162578 {\n  padding-top: 30px;\n  padding-bottom: 30px;\n}\n<\/style>\n\t<\/section>\n\t\n\n\t<section class=\"section\" id=\"section_1839673709\">\n\t\t<div class=\"section-bg fill\" >\n\t\t\t\t\t\t\t\t\t\n\t\t\t\n\n\t\t<\/div>\n\n\t\t\n\n\t\t<div class=\"section-content relative\">\n\t\t\t\n\n<div class=\"row align-middle\"  id=\"row-996553578\">\n\n\n\t<div id=\"col-314500128\" class=\"col small-12 large-12\"  >\n\t\t\t\t<div class=\"col-inner text-center\"  >\n\t\t\t\n\t\t\t\n\n\t<div id=\"text-4183174487\" class=\"text\">\n\t\t\n\n<h2>Vision, Mission &amp; Unternehmenswerte<\/h2>\n\t\t\n<style>\n#text-4183174487 {\n  font-size: 2rem;\n}\n<\/style>\n\t<\/div>\n\t\n\n\t\t<\/div>\n\t\t\t\t\t<\/div>\n\n\t\n\n<\/div>\n<div class=\"row align-middle\"  id=\"row-428939020\">\n\n\n\t<div id=\"col-800632528\" class=\"col small-12 large-12\"  data-animate=\"fadeInRight\">\n\t\t\t\t<div class=\"col-inner text-center\"  >\n\t\t\t\n\t\t\t\n\n\t<div id=\"text-1049962645\" class=\"text\">\n\t\t\n\n<p>Im Mittelpunkt unseres Unternehmens stehen unsere Vision, Mission und Werte, die die treibenden Kr\u00e4fte hinter unserem Engagement f\u00fcr unternehmerischen Erfolg und nachhaltige Exzellenz bilden. Diese grundlegenden Prinzipien schaffen nicht nur f\u00fcr unser Unternehmen, sondern auch f\u00fcr unsere Mitarbeitenden Mehrwert und f\u00f6rdern eine Kultur des gemeinsamen Wachstums und kollektiven Erfolgs. Durch diese Leitgedanken streben wir an, einen positiven und nachhaltigen Einfluss in unserer Branche und dar\u00fcber hinaus zu erzielen.<\/p>\n\t\t\n<style>\n#text-1049962645 {\n  text-align: center;\n}\n<\/style>\n\t<\/div>\n\t\n<a href=\"\/de\/who-we-are\/vision-mission-corporate-values\/\" class=\"button primary is-outline\"  >\n\t\t<span>Mehr<\/span>\n\t<\/a>\n\n\n\n\t\t<\/div>\n\t\t\t\t\t<\/div>\n\n\t\n\n<\/div>\n\n\t\t<\/div>\n\n\t\t\n<style>\n#section_1839673709 {\n  padding-top: 30px;\n  padding-bottom: 30px;\n}\n<\/style>\n\t<\/section>\n\t\n\n\t<section class=\"section\" id=\"section_2056708830\">\n\t\t<div class=\"section-bg fill\" >\n\t\t\t\t\t\t\t\t\t\n\t\t\t\n\n\t\t<\/div>\n\n\t\t\n\n\t\t<div class=\"section-content relative\">\n\t\t\t\n\n<div class=\"row align-middle\"  id=\"row-1705421588\">\n\n\n\t<div id=\"col-1473087872\" class=\"col small-12 large-12\"  >\n\t\t\t\t<div class=\"col-inner text-center\"  >\n\t\t\t\n\t\t\t\n\n\t<div id=\"text-117366272\" class=\"text\">\n\t\t\n\n<h2>Zeitleiste \u2013 Unsere Geschichte<\/h2>\n\t\t\n<style>\n#text-117366272 {\n  font-size: 2rem;\n}\n<\/style>\n\t<\/div>\n\t\n\n\t\t<\/div>\n\t\t\t\t\t<\/div>\n\n\t\n\n<\/div>\n<div class=\"row align-middle\"  id=\"row-695422577\">\n\n\n\t<div id=\"col-690262494\" class=\"col small-12 large-12\"  data-animate=\"fadeInRight\">\n\t\t\t\t<div class=\"col-inner text-center\"  >\n\t\t\t\n\t\t\t\n\n<p style=\"text-align: left;\"><strong>1965<\/strong>: Ein Familienunternehmen wird in Haan, Deutschland gegr\u00fcndet \u2013 mit Spezialisierung auf Elektrotechnik und L\u00f6sungen f\u00fcr Industriekunden.<\/p>\n<p style=\"text-align: left;\"><strong>2003<\/strong>: Ein neues Unternehmen tritt in den Markt ein und erweitert seine Aktivit\u00e4ten nach Thessaloniki, Griechenland \u2013 mit verst\u00e4rkter Expertise im Bereich elektromechanischer Vertragsarbeiten.<\/p>\n<p style=\"text-align: left;\"><strong>2023<\/strong>: Nach 58 Jahren famili\u00e4rer Erfahrung kehrt die dritte Generation unter dem Namen\u00a0<strong>PROMERGON<\/strong>\u00a0zur\u00fcck auf den deutschen Markt \u2013 unter der Leitung von\u00a0<strong>Dimitrios C. Karatzias<\/strong>.<\/p>\n<p style=\"text-align: left;\"><strong>Heute<\/strong>: PROMERGON hat sich zu einem umfassenden Unternehmen f\u00fcr Beratung, Planung und Bau im Energiesektor entwickelt. Mit Spezialisierung auf schl\u00fcsselfertige L\u00f6sungen sowohl im Bereich konventioneller als auch erneuerbarer Energien bietet das Unternehmen Dienstleistungen als elektrotechnischer Auftragnehmer in der Energie- und Industriebranche \u2013 mit dem Ziel, eine starke Marktpr\u00e4senz aufzubauen.<\/p>\n<a href=\"\/de\/who-we-are\/timeline-history\/\" class=\"button primary is-outline\"  >\n\t\t<span>mehr<\/span>\n\t<\/a>\n\n\n\n\t\t<\/div>\n\t\t\t\t\t<\/div>\n\n\t\n\n<\/div>\n\n\t\t<\/div>\n\n\t\t\n<style>\n#section_2056708830 {\n  padding-top: 30px;\n  padding-bottom: 30px;\n}\n<\/style>\n\t<\/section>","protected":false},"excerpt":{"rendered":"","protected":false},"author":2,"featured_media":0,"parent":0,"menu_order":0,"comment_status":"closed","ping_status":"closed","template":"page-blank.php","meta":{"_acf_changed":false,"footnotes":""},"class_list":["post-6136","page","type-page","status-publish","hentry"],"acf":[],"yoast_head":"<!-- This site is optimized with the Yoast SEO plugin v27.4 - https:\/\/yoast.com\/product\/yoast-seo-wordpress\/ -->\n<title>Who we are - Promergon<\/title>\n<meta name=\"robots\" content=\"index, follow, max-snippet:-1, max-image-preview:large, max-video-preview:-1\" \/>\n<link rel=\"canonical\" href=\"https:\/\/promergon.de\/de\/who-we-are\/\" \/>\n<meta property=\"og:locale\" content=\"de_DE\" \/>\n<meta property=\"og:type\" content=\"article\" \/>\n<meta property=\"og:title\" content=\"Who we are - Promergon\" \/>\n<meta property=\"og:url\" content=\"https:\/\/promergon.de\/de\/who-we-are\/\" \/>\n<meta property=\"og:site_name\" content=\"Promergon\" \/>\n<meta property=\"article:modified_time\" content=\"2025-06-01T08:16:10+00:00\" \/>\n<meta name=\"twitter:card\" content=\"summary_large_image\" \/>\n<meta name=\"twitter:label1\" content=\"Gesch\u00e4tzte Lesezeit\" \/>\n\t<meta name=\"twitter:data1\" content=\"3\u00a0Minuten\" \/>\n<script type=\"application\/ld+json\" class=\"yoast-schema-graph\">{\"@context\":\"https:\\\/\\\/schema.org\",\"@graph\":[{\"@type\":\"WebPage\",\"@id\":\"https:\\\/\\\/promergon.de\\\/who-we-are\\\/\",\"url\":\"https:\\\/\\\/promergon.de\\\/who-we-are\\\/\",\"name\":\"Who we are - Promergon\",\"isPartOf\":{\"@id\":\"https:\\\/\\\/promergon.de\\\/#website\"},\"datePublished\":\"2022-04-15T10:29:53+00:00\",\"dateModified\":\"2025-06-01T08:16:10+00:00\",\"breadcrumb\":{\"@id\":\"https:\\\/\\\/promergon.de\\\/who-we-are\\\/#breadcrumb\"},\"inLanguage\":\"de\",\"potentialAction\":[{\"@type\":\"ReadAction\",\"target\":[\"https:\\\/\\\/promergon.de\\\/who-we-are\\\/\"]}]},{\"@type\":\"BreadcrumbList\",\"@id\":\"https:\\\/\\\/promergon.de\\\/who-we-are\\\/#breadcrumb\",\"itemListElement\":[{\"@type\":\"ListItem\",\"position\":1,\"name\":\"Home\",\"item\":\"https:\\\/\\\/promergon.de\\\/\"},{\"@type\":\"ListItem\",\"position\":2,\"name\":\"Who we are\"}]},{\"@type\":\"WebSite\",\"@id\":\"https:\\\/\\\/promergon.de\\\/#website\",\"url\":\"https:\\\/\\\/promergon.de\\\/\",\"name\":\"Promergon\",\"description\":\"Engineering Solutions\",\"publisher\":{\"@id\":\"https:\\\/\\\/promergon.de\\\/#organization\"},\"potentialAction\":[{\"@type\":\"SearchAction\",\"target\":{\"@type\":\"EntryPoint\",\"urlTemplate\":\"https:\\\/\\\/promergon.de\\\/?s={search_term_string}\"},\"query-input\":{\"@type\":\"PropertyValueSpecification\",\"valueRequired\":true,\"valueName\":\"search_term_string\"}}],\"inLanguage\":\"de\"},{\"@type\":\"Organization\",\"@id\":\"https:\\\/\\\/promergon.de\\\/#organization\",\"name\":\"Promergon\",\"url\":\"https:\\\/\\\/promergon.de\\\/\",\"logo\":{\"@type\":\"ImageObject\",\"inLanguage\":\"de\",\"@id\":\"https:\\\/\\\/promergon.de\\\/#\\\/schema\\\/logo\\\/image\\\/\",\"url\":\"https:\\\/\\\/promergon.de\\\/wp-content\\\/uploads\\\/2024\\\/11\\\/cropped-cropped-cropped-Logo-Promergon-1.jpg\",\"contentUrl\":\"https:\\\/\\\/promergon.de\\\/wp-content\\\/uploads\\\/2024\\\/11\\\/cropped-cropped-cropped-Logo-Promergon-1.jpg\",\"width\":512,\"height\":93,\"caption\":\"Promergon\"},\"image\":{\"@id\":\"https:\\\/\\\/promergon.de\\\/#\\\/schema\\\/logo\\\/image\\\/\"}}]}<\/script>\n<!-- \/ Yoast SEO plugin. -->","yoast_head_json":{"title":"Who we are - Promergon","robots":{"index":"index","follow":"follow","max-snippet":"max-snippet:-1","max-image-preview":"max-image-preview:large","max-video-preview":"max-video-preview:-1"},"canonical":"https:\/\/promergon.de\/de\/who-we-are\/","og_locale":"de_DE","og_type":"article","og_title":"Who we are - Promergon","og_url":"https:\/\/promergon.de\/de\/who-we-are\/","og_site_name":"Promergon","article_modified_time":"2025-06-01T08:16:10+00:00","twitter_card":"summary_large_image","twitter_misc":{"Gesch\u00e4tzte Lesezeit":"3\u00a0Minuten"},"schema":{"@context":"https:\/\/schema.org","@graph":[{"@type":"WebPage","@id":"https:\/\/promergon.de\/who-we-are\/","url":"https:\/\/promergon.de\/who-we-are\/","name":"Who we are - Promergon","isPartOf":{"@id":"https:\/\/promergon.de\/#website"},"datePublished":"2022-04-15T10:29:53+00:00","dateModified":"2025-06-01T08:16:10+00:00","breadcrumb":{"@id":"https:\/\/promergon.de\/who-we-are\/#breadcrumb"},"inLanguage":"de","potentialAction":[{"@type":"ReadAction","target":["https:\/\/promergon.de\/who-we-are\/"]}]},{"@type":"BreadcrumbList","@id":"https:\/\/promergon.de\/who-we-are\/#breadcrumb","itemListElement":[{"@type":"ListItem","position":1,"name":"Home","item":"https:\/\/promergon.de\/"},{"@type":"ListItem","position":2,"name":"Who we are"}]},{"@type":"WebSite","@id":"https:\/\/promergon.de\/#website","url":"https:\/\/promergon.de\/","name":"Promergon","description":"Engineering Solutions","publisher":{"@id":"https:\/\/promergon.de\/#organization"},"potentialAction":[{"@type":"SearchAction","target":{"@type":"EntryPoint","urlTemplate":"https:\/\/promergon.de\/?s={search_term_string}"},"query-input":{"@type":"PropertyValueSpecification","valueRequired":true,"valueName":"search_term_string"}}],"inLanguage":"de"},{"@type":"Organization","@id":"https:\/\/promergon.de\/#organization","name":"Promergon","url":"https:\/\/promergon.de\/","logo":{"@type":"ImageObject","inLanguage":"de","@id":"https:\/\/promergon.de\/#\/schema\/logo\/image\/","url":"https:\/\/promergon.de\/wp-content\/uploads\/2024\/11\/cropped-cropped-cropped-Logo-Promergon-1.jpg","contentUrl":"https:\/\/promergon.de\/wp-content\/uploads\/2024\/11\/cropped-cropped-cropped-Logo-Promergon-1.jpg","width":512,"height":93,"caption":"Promergon"},"image":{"@id":"https:\/\/promergon.de\/#\/schema\/logo\/image\/"}}]}},"_links":{"self":[{"href":"https:\/\/promergon.de\/de\/wp-json\/wp\/v2\/pages\/6136","targetHints":{"allow":["GET"]}}],"collection":[{"href":"https:\/\/promergon.de\/de\/wp-json\/wp\/v2\/pages"}],"about":[{"href":"https:\/\/promergon.de\/de\/wp-json\/wp\/v2\/types\/page"}],"author":[{"embeddable":true,"href":"https:\/\/promergon.de\/de\/wp-json\/wp\/v2\/users\/2"}],"replies":[{"embeddable":true,"href":"https:\/\/promergon.de\/de\/wp-json\/wp\/v2\/comments?post=6136"}],"version-history":[{"count":60,"href":"https:\/\/promergon.de\/de\/wp-json\/wp\/v2\/pages\/6136\/revisions"}],"predecessor-version":[{"id":15085,"href":"https:\/\/promergon.de\/de\/wp-json\/wp\/v2\/pages\/6136\/revisions\/15085"}],"wp:attachment":[{"href":"https:\/\/promergon.de\/de\/wp-json\/wp\/v2\/media?parent=6136"}],"curies":[{"name":"wp","href":"https:\/\/api.w.org\/{rel}","templated":true}]}}