{"id":14932,"date":"2025-01-27T19:56:41","date_gmt":"2025-01-27T19:56:41","guid":{"rendered":"https:\/\/promergon.com\/?post_type=product&#038;p=14932"},"modified":"2025-06-01T14:00:49","modified_gmt":"2025-06-01T14:00:49","slug":"legacy-substation-400kv-ng-projects-gtds-uk","status":"publish","type":"product","link":"https:\/\/promergon.de\/de\/produkt\/legacy-substation-400kv-ng-projects-gtds-uk\/","title":{"rendered":"Legacy Substation 400KV \u2013 NG Projects, GTDS, Gro\u00dfbritannien"},"content":{"rendered":"<p>Die\u00a0<strong>Legacy Substation 400KV<\/strong>, entwickelt von\u00a0<strong>NG Projects<\/strong>\u00a0in Zusammenarbeit mit\u00a0<strong>GTDS<\/strong>\u00a0im Vereinigten K\u00f6nigreich, ist ein bedeutendes Projekt f\u00fcr die Stromverteilung in \u00e4lteren, bestehenden Netzwerken. Diese Umspannstation spielt eine wesentliche Rolle bei der Unterst\u00fctzung und Modernisierung von Stromnetzen, die bereits \u00fcber viele Jahre in Betrieb sind und f\u00fcr die weiterhin eine zuverl\u00e4ssige Energieversorgung erforderlich ist.<\/p>","protected":false},"excerpt":{"rendered":"<p>Entscheidend f\u00fcr die Stromverteilung in bestehenden Netzen.<\/p>","protected":false},"featured_media":14583,"template":"","meta":{"_acf_changed":false},"product_brand":[],"product_cat":[81],"product_tag":[],"class_list":{"0":"post-14932","1":"product","2":"type-product","3":"status-publish","4":"has-post-thumbnail","6":"product_cat-power-grid-projects","8":"first","9":"instock","10":"shipping-taxable","11":"product-type-simple"},"acf":[],"yoast_head":"<!-- This site is optimized with the Yoast SEO plugin v27.4 - https:\/\/yoast.com\/product\/yoast-seo-wordpress\/ -->\n<title>Legacy Substation 400KV \u2013 NG Projects, GTDS, Gro\u00dfbritannien - Promergon<\/title>\n<meta name=\"robots\" content=\"index, follow, max-snippet:-1, max-image-preview:large, max-video-preview:-1\" \/>\n<link rel=\"canonical\" href=\"https:\/\/promergon.de\/de\/produkt\/legacy-substation-400kv-ng-projects-gtds-uk\/\" \/>\n<meta property=\"og:locale\" content=\"de_DE\" \/>\n<meta property=\"og:type\" content=\"article\" \/>\n<meta property=\"og:title\" content=\"Legacy Substation 400KV \u2013 NG Projects, GTDS, Gro\u00dfbritannien - Promergon\" \/>\n<meta property=\"og:description\" content=\"Entscheidend f\u00fcr die Stromverteilung in bestehenden Netzen.\" \/>\n<meta property=\"og:url\" content=\"https:\/\/promergon.de\/de\/produkt\/legacy-substation-400kv-ng-projects-gtds-uk\/\" \/>\n<meta property=\"og:site_name\" content=\"Promergon\" \/>\n<meta property=\"article:modified_time\" content=\"2025-06-01T14:00:49+00:00\" \/>\n<meta property=\"og:image\" content=\"https:\/\/promergon.de\/wp-content\/uploads\/2025\/01\/Promergon_High-Voltage-Substations-1-scaled.jpg\" \/>\n\t<meta property=\"og:image:width\" content=\"2560\" \/>\n\t<meta property=\"og:image:height\" content=\"1702\" \/>\n\t<meta property=\"og:image:type\" content=\"image\/jpeg\" \/>\n<meta name=\"twitter:card\" content=\"summary_large_image\" \/>\n<meta name=\"twitter:label1\" content=\"Gesch\u00e4tzte Lesezeit\" \/>\n\t<meta name=\"twitter:data1\" content=\"1\u00a0Minute\" \/>\n<script type=\"application\/ld+json\" class=\"yoast-schema-graph\">{\"@context\":\"https:\\\/\\\/schema.org\",\"@graph\":[{\"@type\":\"WebPage\",\"@id\":\"https:\\\/\\\/promergon.de\\\/product\\\/legacy-substation-400kv-ng-projects-gtds-uk\\\/\",\"url\":\"https:\\\/\\\/promergon.de\\\/product\\\/legacy-substation-400kv-ng-projects-gtds-uk\\\/\",\"name\":\"Legacy Substation 400KV \u2013 NG Projects, GTDS, Gro\u00dfbritannien - Promergon\",\"isPartOf\":{\"@id\":\"https:\\\/\\\/promergon.de\\\/#website\"},\"primaryImageOfPage\":{\"@id\":\"https:\\\/\\\/promergon.de\\\/product\\\/legacy-substation-400kv-ng-projects-gtds-uk\\\/#primaryimage\"},\"image\":{\"@id\":\"https:\\\/\\\/promergon.de\\\/product\\\/legacy-substation-400kv-ng-projects-gtds-uk\\\/#primaryimage\"},\"thumbnailUrl\":\"https:\\\/\\\/promergon.de\\\/wp-content\\\/uploads\\\/2025\\\/01\\\/Promergon_High-Voltage-Substations-1-scaled.jpg\",\"datePublished\":\"2025-01-27T19:56:41+00:00\",\"dateModified\":\"2025-06-01T14:00:49+00:00\",\"breadcrumb\":{\"@id\":\"https:\\\/\\\/promergon.de\\\/product\\\/legacy-substation-400kv-ng-projects-gtds-uk\\\/#breadcrumb\"},\"inLanguage\":\"de\",\"potentialAction\":[{\"@type\":\"ReadAction\",\"target\":[\"https:\\\/\\\/promergon.de\\\/product\\\/legacy-substation-400kv-ng-projects-gtds-uk\\\/\"]}]},{\"@type\":\"ImageObject\",\"inLanguage\":\"de\",\"@id\":\"https:\\\/\\\/promergon.de\\\/product\\\/legacy-substation-400kv-ng-projects-gtds-uk\\\/#primaryimage\",\"url\":\"https:\\\/\\\/promergon.de\\\/wp-content\\\/uploads\\\/2025\\\/01\\\/Promergon_High-Voltage-Substations-1-scaled.jpg\",\"contentUrl\":\"https:\\\/\\\/promergon.de\\\/wp-content\\\/uploads\\\/2025\\\/01\\\/Promergon_High-Voltage-Substations-1-scaled.jpg\",\"width\":2560,\"height\":1702},{\"@type\":\"BreadcrumbList\",\"@id\":\"https:\\\/\\\/promergon.de\\\/product\\\/legacy-substation-400kv-ng-projects-gtds-uk\\\/#breadcrumb\",\"itemListElement\":[{\"@type\":\"ListItem\",\"position\":1,\"name\":\"Home\",\"item\":\"https:\\\/\\\/promergon.de\\\/\"},{\"@type\":\"ListItem\",\"position\":2,\"name\":\"Portfolio\",\"item\":\"https:\\\/\\\/promergon.de\\\/portfolio\\\/\"},{\"@type\":\"ListItem\",\"position\":3,\"name\":\"Legacy Substation 400KV \u2013 NG Projects, GTDS, Gro\u00dfbritannien\"}]},{\"@type\":\"WebSite\",\"@id\":\"https:\\\/\\\/promergon.de\\\/#website\",\"url\":\"https:\\\/\\\/promergon.de\\\/\",\"name\":\"Promergon\",\"description\":\"Engineering Solutions\",\"publisher\":{\"@id\":\"https:\\\/\\\/promergon.de\\\/#organization\"},\"potentialAction\":[{\"@type\":\"SearchAction\",\"target\":{\"@type\":\"EntryPoint\",\"urlTemplate\":\"https:\\\/\\\/promergon.de\\\/?s={search_term_string}\"},\"query-input\":{\"@type\":\"PropertyValueSpecification\",\"valueRequired\":true,\"valueName\":\"search_term_string\"}}],\"inLanguage\":\"de\"},{\"@type\":\"Organization\",\"@id\":\"https:\\\/\\\/promergon.de\\\/#organization\",\"name\":\"Promergon\",\"url\":\"https:\\\/\\\/promergon.de\\\/\",\"logo\":{\"@type\":\"ImageObject\",\"inLanguage\":\"de\",\"@id\":\"https:\\\/\\\/promergon.de\\\/#\\\/schema\\\/logo\\\/image\\\/\",\"url\":\"https:\\\/\\\/promergon.de\\\/wp-content\\\/uploads\\\/2024\\\/11\\\/cropped-cropped-cropped-Logo-Promergon-1.jpg\",\"contentUrl\":\"https:\\\/\\\/promergon.de\\\/wp-content\\\/uploads\\\/2024\\\/11\\\/cropped-cropped-cropped-Logo-Promergon-1.jpg\",\"width\":512,\"height\":93,\"caption\":\"Promergon\"},\"image\":{\"@id\":\"https:\\\/\\\/promergon.de\\\/#\\\/schema\\\/logo\\\/image\\\/\"}}]}<\/script>\n<!-- \/ Yoast SEO plugin. -->","yoast_head_json":{"title":"Legacy Substation 400KV \u2013 NG Projects, GTDS, Gro\u00dfbritannien - Promergon","robots":{"index":"index","follow":"follow","max-snippet":"max-snippet:-1","max-image-preview":"max-image-preview:large","max-video-preview":"max-video-preview:-1"},"canonical":"https:\/\/promergon.de\/de\/produkt\/legacy-substation-400kv-ng-projects-gtds-uk\/","og_locale":"de_DE","og_type":"article","og_title":"Legacy Substation 400KV \u2013 NG Projects, GTDS, Gro\u00dfbritannien - Promergon","og_description":"Entscheidend f\u00fcr die Stromverteilung in bestehenden Netzen.","og_url":"https:\/\/promergon.de\/de\/produkt\/legacy-substation-400kv-ng-projects-gtds-uk\/","og_site_name":"Promergon","article_modified_time":"2025-06-01T14:00:49+00:00","og_image":[{"width":2560,"height":1702,"url":"https:\/\/promergon.de\/wp-content\/uploads\/2025\/01\/Promergon_High-Voltage-Substations-1-scaled.jpg","type":"image\/jpeg"}],"twitter_card":"summary_large_image","twitter_misc":{"Gesch\u00e4tzte Lesezeit":"1\u00a0Minute"},"schema":{"@context":"https:\/\/schema.org","@graph":[{"@type":"WebPage","@id":"https:\/\/promergon.de\/product\/legacy-substation-400kv-ng-projects-gtds-uk\/","url":"https:\/\/promergon.de\/product\/legacy-substation-400kv-ng-projects-gtds-uk\/","name":"Legacy Substation 400KV \u2013 NG Projects, GTDS, Gro\u00dfbritannien - Promergon","isPartOf":{"@id":"https:\/\/promergon.de\/#website"},"primaryImageOfPage":{"@id":"https:\/\/promergon.de\/product\/legacy-substation-400kv-ng-projects-gtds-uk\/#primaryimage"},"image":{"@id":"https:\/\/promergon.de\/product\/legacy-substation-400kv-ng-projects-gtds-uk\/#primaryimage"},"thumbnailUrl":"https:\/\/promergon.de\/wp-content\/uploads\/2025\/01\/Promergon_High-Voltage-Substations-1-scaled.jpg","datePublished":"2025-01-27T19:56:41+00:00","dateModified":"2025-06-01T14:00:49+00:00","breadcrumb":{"@id":"https:\/\/promergon.de\/product\/legacy-substation-400kv-ng-projects-gtds-uk\/#breadcrumb"},"inLanguage":"de","potentialAction":[{"@type":"ReadAction","target":["https:\/\/promergon.de\/product\/legacy-substation-400kv-ng-projects-gtds-uk\/"]}]},{"@type":"ImageObject","inLanguage":"de","@id":"https:\/\/promergon.de\/product\/legacy-substation-400kv-ng-projects-gtds-uk\/#primaryimage","url":"https:\/\/promergon.de\/wp-content\/uploads\/2025\/01\/Promergon_High-Voltage-Substations-1-scaled.jpg","contentUrl":"https:\/\/promergon.de\/wp-content\/uploads\/2025\/01\/Promergon_High-Voltage-Substations-1-scaled.jpg","width":2560,"height":1702},{"@type":"BreadcrumbList","@id":"https:\/\/promergon.de\/product\/legacy-substation-400kv-ng-projects-gtds-uk\/#breadcrumb","itemListElement":[{"@type":"ListItem","position":1,"name":"Home","item":"https:\/\/promergon.de\/"},{"@type":"ListItem","position":2,"name":"Portfolio","item":"https:\/\/promergon.de\/portfolio\/"},{"@type":"ListItem","position":3,"name":"Legacy Substation 400KV \u2013 NG Projects, GTDS, Gro\u00dfbritannien"}]},{"@type":"WebSite","@id":"https:\/\/promergon.de\/#website","url":"https:\/\/promergon.de\/","name":"Promergon","description":"Engineering Solutions","publisher":{"@id":"https:\/\/promergon.de\/#organization"},"potentialAction":[{"@type":"SearchAction","target":{"@type":"EntryPoint","urlTemplate":"https:\/\/promergon.de\/?s={search_term_string}"},"query-input":{"@type":"PropertyValueSpecification","valueRequired":true,"valueName":"search_term_string"}}],"inLanguage":"de"},{"@type":"Organization","@id":"https:\/\/promergon.de\/#organization","name":"Promergon","url":"https:\/\/promergon.de\/","logo":{"@type":"ImageObject","inLanguage":"de","@id":"https:\/\/promergon.de\/#\/schema\/logo\/image\/","url":"https:\/\/promergon.de\/wp-content\/uploads\/2024\/11\/cropped-cropped-cropped-Logo-Promergon-1.jpg","contentUrl":"https:\/\/promergon.de\/wp-content\/uploads\/2024\/11\/cropped-cropped-cropped-Logo-Promergon-1.jpg","width":512,"height":93,"caption":"Promergon"},"image":{"@id":"https:\/\/promergon.de\/#\/schema\/logo\/image\/"}}]}},"_links":{"self":[{"href":"https:\/\/promergon.de\/de\/wp-json\/wp\/v2\/product\/14932","targetHints":{"allow":["GET"]}}],"collection":[{"href":"https:\/\/promergon.de\/de\/wp-json\/wp\/v2\/product"}],"about":[{"href":"https:\/\/promergon.de\/de\/wp-json\/wp\/v2\/types\/product"}],"wp:featuredmedia":[{"embeddable":true,"href":"https:\/\/promergon.de\/de\/wp-json\/wp\/v2\/media\/14583"}],"wp:attachment":[{"href":"https:\/\/promergon.de\/de\/wp-json\/wp\/v2\/media?parent=14932"}],"wp:term":[{"taxonomy":"product_brand","embeddable":true,"href":"https:\/\/promergon.de\/de\/wp-json\/wp\/v2\/product_brand?post=14932"},{"taxonomy":"product_cat","embeddable":true,"href":"https:\/\/promergon.de\/de\/wp-json\/wp\/v2\/product_cat?post=14932"},{"taxonomy":"product_tag","embeddable":true,"href":"https:\/\/promergon.de\/de\/wp-json\/wp\/v2\/product_tag?post=14932"}],"curies":[{"name":"wp","href":"https:\/\/api.w.org\/{rel}","templated":true}]}}