{"id":14936,"date":"2025-01-27T19:56:41","date_gmt":"2025-01-27T19:56:41","guid":{"rendered":"https:\/\/promergon.com\/?post_type=product&#038;p=14936"},"modified":"2025-06-01T13:56:48","modified_gmt":"2025-06-01T13:56:48","slug":"hunterston-400kv-gis-ais-substation-s-sen-projects-gtds-uk","status":"publish","type":"product","link":"https:\/\/promergon.de\/de\/produkt\/hunterston-400kv-gis-ais-substation-s-sen-projects-gtds-uk\/","title":{"rendered":"Hunterston 400KV GIS\/AIS Umspannwerk &#8211; S SEN Projects, GTDS, UK"},"content":{"rendered":"<p>Das\u00a0<strong>Hunterston 400KV GIS\/AIS Umspannwerk<\/strong>, entwickelt von\u00a0<strong>S SEN Projects<\/strong>\u00a0in Zusammenarbeit mit\u00a0<strong>GTDS<\/strong>\u00a0im Vereinigten K\u00f6nigreich, spielt eine entscheidende Rolle bei der Unterst\u00fctzung der nationalen Stromnetzoperationen. Es handelt sich um eine hybride Umspannwerksl\u00f6sung, die sowohl Gasisolierte (GIS) als auch Luftisolierte (AIS) Technologie kombiniert, um eine zuverl\u00e4ssige und effiziente Stromverteilung auf einer hochvolatilen Netzebene zu gew\u00e4hrleisten.<\/p>","protected":false},"excerpt":{"rendered":"<p>Unterst\u00fctzt den nationalen Netzbetrieb in Gro\u00dfbritannien.<\/p>","protected":false},"featured_media":14905,"template":"","meta":{"_acf_changed":false},"product_brand":[],"product_cat":[81],"product_tag":[],"class_list":{"0":"post-14936","1":"product","2":"type-product","3":"status-publish","4":"has-post-thumbnail","6":"product_cat-power-grid-projects","8":"first","9":"instock","10":"shipping-taxable","11":"product-type-simple"},"acf":[],"yoast_head":"<!-- This site is optimized with the Yoast SEO plugin v27.4 - https:\/\/yoast.com\/product\/yoast-seo-wordpress\/ -->\n<title>Hunterston 400KV GIS\/AIS Umspannwerk - S SEN Projects, GTDS, UK - Promergon<\/title>\n<meta name=\"robots\" content=\"index, follow, max-snippet:-1, max-image-preview:large, max-video-preview:-1\" \/>\n<link rel=\"canonical\" href=\"https:\/\/promergon.de\/de\/produkt\/hunterston-400kv-gis-ais-substation-s-sen-projects-gtds-uk\/\" \/>\n<meta property=\"og:locale\" content=\"de_DE\" \/>\n<meta property=\"og:type\" content=\"article\" \/>\n<meta property=\"og:title\" content=\"Hunterston 400KV GIS\/AIS Umspannwerk - S SEN Projects, GTDS, UK - Promergon\" \/>\n<meta property=\"og:description\" content=\"Unterst\u00fctzt den nationalen Netzbetrieb in Gro\u00dfbritannien.\" \/>\n<meta property=\"og:url\" content=\"https:\/\/promergon.de\/de\/produkt\/hunterston-400kv-gis-ais-substation-s-sen-projects-gtds-uk\/\" \/>\n<meta property=\"og:site_name\" content=\"Promergon\" \/>\n<meta property=\"article:modified_time\" content=\"2025-06-01T13:56:48+00:00\" \/>\n<meta property=\"og:image\" content=\"https:\/\/promergon.de\/wp-content\/uploads\/2025\/01\/Promergon_-Mid-to-High-Voltage-Substation-scaled.jpeg\" \/>\n\t<meta property=\"og:image:width\" content=\"2560\" \/>\n\t<meta property=\"og:image:height\" content=\"1849\" \/>\n\t<meta property=\"og:image:type\" content=\"image\/jpeg\" \/>\n<meta name=\"twitter:card\" content=\"summary_large_image\" \/>\n<meta name=\"twitter:label1\" content=\"Gesch\u00e4tzte Lesezeit\" \/>\n\t<meta name=\"twitter:data1\" content=\"1\u00a0Minute\" \/>\n<script type=\"application\/ld+json\" class=\"yoast-schema-graph\">{\"@context\":\"https:\\\/\\\/schema.org\",\"@graph\":[{\"@type\":\"WebPage\",\"@id\":\"https:\\\/\\\/promergon.de\\\/product\\\/hunterston-400kv-gis-ais-substation-s-sen-projects-gtds-uk\\\/\",\"url\":\"https:\\\/\\\/promergon.de\\\/product\\\/hunterston-400kv-gis-ais-substation-s-sen-projects-gtds-uk\\\/\",\"name\":\"Hunterston 400KV GIS\\\/AIS Umspannwerk - S SEN Projects, GTDS, UK - Promergon\",\"isPartOf\":{\"@id\":\"https:\\\/\\\/promergon.de\\\/#website\"},\"primaryImageOfPage\":{\"@id\":\"https:\\\/\\\/promergon.de\\\/product\\\/hunterston-400kv-gis-ais-substation-s-sen-projects-gtds-uk\\\/#primaryimage\"},\"image\":{\"@id\":\"https:\\\/\\\/promergon.de\\\/product\\\/hunterston-400kv-gis-ais-substation-s-sen-projects-gtds-uk\\\/#primaryimage\"},\"thumbnailUrl\":\"https:\\\/\\\/promergon.de\\\/wp-content\\\/uploads\\\/2025\\\/01\\\/Promergon_-Mid-to-High-Voltage-Substation-scaled.jpeg\",\"datePublished\":\"2025-01-27T19:56:41+00:00\",\"dateModified\":\"2025-06-01T13:56:48+00:00\",\"breadcrumb\":{\"@id\":\"https:\\\/\\\/promergon.de\\\/product\\\/hunterston-400kv-gis-ais-substation-s-sen-projects-gtds-uk\\\/#breadcrumb\"},\"inLanguage\":\"de\",\"potentialAction\":[{\"@type\":\"ReadAction\",\"target\":[\"https:\\\/\\\/promergon.de\\\/product\\\/hunterston-400kv-gis-ais-substation-s-sen-projects-gtds-uk\\\/\"]}]},{\"@type\":\"ImageObject\",\"inLanguage\":\"de\",\"@id\":\"https:\\\/\\\/promergon.de\\\/product\\\/hunterston-400kv-gis-ais-substation-s-sen-projects-gtds-uk\\\/#primaryimage\",\"url\":\"https:\\\/\\\/promergon.de\\\/wp-content\\\/uploads\\\/2025\\\/01\\\/Promergon_-Mid-to-High-Voltage-Substation-scaled.jpeg\",\"contentUrl\":\"https:\\\/\\\/promergon.de\\\/wp-content\\\/uploads\\\/2025\\\/01\\\/Promergon_-Mid-to-High-Voltage-Substation-scaled.jpeg\",\"width\":2560,\"height\":1849,\"caption\":\"Aerial view of high voltage substation electricity tower industrial equipment landscape\"},{\"@type\":\"BreadcrumbList\",\"@id\":\"https:\\\/\\\/promergon.de\\\/product\\\/hunterston-400kv-gis-ais-substation-s-sen-projects-gtds-uk\\\/#breadcrumb\",\"itemListElement\":[{\"@type\":\"ListItem\",\"position\":1,\"name\":\"Home\",\"item\":\"https:\\\/\\\/promergon.de\\\/\"},{\"@type\":\"ListItem\",\"position\":2,\"name\":\"Portfolio\",\"item\":\"https:\\\/\\\/promergon.de\\\/portfolio\\\/\"},{\"@type\":\"ListItem\",\"position\":3,\"name\":\"Hunterston 400KV GIS\\\/AIS Umspannwerk &#8211; S SEN Projects, GTDS, UK\"}]},{\"@type\":\"WebSite\",\"@id\":\"https:\\\/\\\/promergon.de\\\/#website\",\"url\":\"https:\\\/\\\/promergon.de\\\/\",\"name\":\"Promergon\",\"description\":\"Engineering Solutions\",\"publisher\":{\"@id\":\"https:\\\/\\\/promergon.de\\\/#organization\"},\"potentialAction\":[{\"@type\":\"SearchAction\",\"target\":{\"@type\":\"EntryPoint\",\"urlTemplate\":\"https:\\\/\\\/promergon.de\\\/?s={search_term_string}\"},\"query-input\":{\"@type\":\"PropertyValueSpecification\",\"valueRequired\":true,\"valueName\":\"search_term_string\"}}],\"inLanguage\":\"de\"},{\"@type\":\"Organization\",\"@id\":\"https:\\\/\\\/promergon.de\\\/#organization\",\"name\":\"Promergon\",\"url\":\"https:\\\/\\\/promergon.de\\\/\",\"logo\":{\"@type\":\"ImageObject\",\"inLanguage\":\"de\",\"@id\":\"https:\\\/\\\/promergon.de\\\/#\\\/schema\\\/logo\\\/image\\\/\",\"url\":\"https:\\\/\\\/promergon.de\\\/wp-content\\\/uploads\\\/2024\\\/11\\\/cropped-cropped-cropped-Logo-Promergon-1.jpg\",\"contentUrl\":\"https:\\\/\\\/promergon.de\\\/wp-content\\\/uploads\\\/2024\\\/11\\\/cropped-cropped-cropped-Logo-Promergon-1.jpg\",\"width\":512,\"height\":93,\"caption\":\"Promergon\"},\"image\":{\"@id\":\"https:\\\/\\\/promergon.de\\\/#\\\/schema\\\/logo\\\/image\\\/\"}}]}<\/script>\n<!-- \/ Yoast SEO plugin. -->","yoast_head_json":{"title":"Hunterston 400KV GIS\/AIS Umspannwerk - S SEN Projects, GTDS, UK - Promergon","robots":{"index":"index","follow":"follow","max-snippet":"max-snippet:-1","max-image-preview":"max-image-preview:large","max-video-preview":"max-video-preview:-1"},"canonical":"https:\/\/promergon.de\/de\/produkt\/hunterston-400kv-gis-ais-substation-s-sen-projects-gtds-uk\/","og_locale":"de_DE","og_type":"article","og_title":"Hunterston 400KV GIS\/AIS Umspannwerk - S SEN Projects, GTDS, UK - Promergon","og_description":"Unterst\u00fctzt den nationalen Netzbetrieb in Gro\u00dfbritannien.","og_url":"https:\/\/promergon.de\/de\/produkt\/hunterston-400kv-gis-ais-substation-s-sen-projects-gtds-uk\/","og_site_name":"Promergon","article_modified_time":"2025-06-01T13:56:48+00:00","og_image":[{"width":2560,"height":1849,"url":"https:\/\/promergon.de\/wp-content\/uploads\/2025\/01\/Promergon_-Mid-to-High-Voltage-Substation-scaled.jpeg","type":"image\/jpeg"}],"twitter_card":"summary_large_image","twitter_misc":{"Gesch\u00e4tzte Lesezeit":"1\u00a0Minute"},"schema":{"@context":"https:\/\/schema.org","@graph":[{"@type":"WebPage","@id":"https:\/\/promergon.de\/product\/hunterston-400kv-gis-ais-substation-s-sen-projects-gtds-uk\/","url":"https:\/\/promergon.de\/product\/hunterston-400kv-gis-ais-substation-s-sen-projects-gtds-uk\/","name":"Hunterston 400KV GIS\/AIS Umspannwerk - S SEN Projects, GTDS, UK - Promergon","isPartOf":{"@id":"https:\/\/promergon.de\/#website"},"primaryImageOfPage":{"@id":"https:\/\/promergon.de\/product\/hunterston-400kv-gis-ais-substation-s-sen-projects-gtds-uk\/#primaryimage"},"image":{"@id":"https:\/\/promergon.de\/product\/hunterston-400kv-gis-ais-substation-s-sen-projects-gtds-uk\/#primaryimage"},"thumbnailUrl":"https:\/\/promergon.de\/wp-content\/uploads\/2025\/01\/Promergon_-Mid-to-High-Voltage-Substation-scaled.jpeg","datePublished":"2025-01-27T19:56:41+00:00","dateModified":"2025-06-01T13:56:48+00:00","breadcrumb":{"@id":"https:\/\/promergon.de\/product\/hunterston-400kv-gis-ais-substation-s-sen-projects-gtds-uk\/#breadcrumb"},"inLanguage":"de","potentialAction":[{"@type":"ReadAction","target":["https:\/\/promergon.de\/product\/hunterston-400kv-gis-ais-substation-s-sen-projects-gtds-uk\/"]}]},{"@type":"ImageObject","inLanguage":"de","@id":"https:\/\/promergon.de\/product\/hunterston-400kv-gis-ais-substation-s-sen-projects-gtds-uk\/#primaryimage","url":"https:\/\/promergon.de\/wp-content\/uploads\/2025\/01\/Promergon_-Mid-to-High-Voltage-Substation-scaled.jpeg","contentUrl":"https:\/\/promergon.de\/wp-content\/uploads\/2025\/01\/Promergon_-Mid-to-High-Voltage-Substation-scaled.jpeg","width":2560,"height":1849,"caption":"Aerial view of high voltage substation electricity tower industrial equipment landscape"},{"@type":"BreadcrumbList","@id":"https:\/\/promergon.de\/product\/hunterston-400kv-gis-ais-substation-s-sen-projects-gtds-uk\/#breadcrumb","itemListElement":[{"@type":"ListItem","position":1,"name":"Home","item":"https:\/\/promergon.de\/"},{"@type":"ListItem","position":2,"name":"Portfolio","item":"https:\/\/promergon.de\/portfolio\/"},{"@type":"ListItem","position":3,"name":"Hunterston 400KV GIS\/AIS Umspannwerk &#8211; S SEN Projects, GTDS, UK"}]},{"@type":"WebSite","@id":"https:\/\/promergon.de\/#website","url":"https:\/\/promergon.de\/","name":"Promergon","description":"Engineering Solutions","publisher":{"@id":"https:\/\/promergon.de\/#organization"},"potentialAction":[{"@type":"SearchAction","target":{"@type":"EntryPoint","urlTemplate":"https:\/\/promergon.de\/?s={search_term_string}"},"query-input":{"@type":"PropertyValueSpecification","valueRequired":true,"valueName":"search_term_string"}}],"inLanguage":"de"},{"@type":"Organization","@id":"https:\/\/promergon.de\/#organization","name":"Promergon","url":"https:\/\/promergon.de\/","logo":{"@type":"ImageObject","inLanguage":"de","@id":"https:\/\/promergon.de\/#\/schema\/logo\/image\/","url":"https:\/\/promergon.de\/wp-content\/uploads\/2024\/11\/cropped-cropped-cropped-Logo-Promergon-1.jpg","contentUrl":"https:\/\/promergon.de\/wp-content\/uploads\/2024\/11\/cropped-cropped-cropped-Logo-Promergon-1.jpg","width":512,"height":93,"caption":"Promergon"},"image":{"@id":"https:\/\/promergon.de\/#\/schema\/logo\/image\/"}}]}},"_links":{"self":[{"href":"https:\/\/promergon.de\/de\/wp-json\/wp\/v2\/product\/14936","targetHints":{"allow":["GET"]}}],"collection":[{"href":"https:\/\/promergon.de\/de\/wp-json\/wp\/v2\/product"}],"about":[{"href":"https:\/\/promergon.de\/de\/wp-json\/wp\/v2\/types\/product"}],"wp:featuredmedia":[{"embeddable":true,"href":"https:\/\/promergon.de\/de\/wp-json\/wp\/v2\/media\/14905"}],"wp:attachment":[{"href":"https:\/\/promergon.de\/de\/wp-json\/wp\/v2\/media?parent=14936"}],"wp:term":[{"taxonomy":"product_brand","embeddable":true,"href":"https:\/\/promergon.de\/de\/wp-json\/wp\/v2\/product_brand?post=14936"},{"taxonomy":"product_cat","embeddable":true,"href":"https:\/\/promergon.de\/de\/wp-json\/wp\/v2\/product_cat?post=14936"},{"taxonomy":"product_tag","embeddable":true,"href":"https:\/\/promergon.de\/de\/wp-json\/wp\/v2\/product_tag?post=14936"}],"curies":[{"name":"wp","href":"https:\/\/api.w.org\/{rel}","templated":true}]}}