{"id":14983,"date":"2025-01-27T20:19:22","date_gmt":"2025-01-27T20:19:22","guid":{"rendered":"https:\/\/promergon.com\/?post_type=product&#038;p=14983"},"modified":"2025-06-01T09:32:40","modified_gmt":"2025-06-01T09:32:40","slug":"hornsea-one-offshore-wind-farm","status":"publish","type":"product","link":"https:\/\/promergon.de\/de\/produkt\/hornsea-one-offshore-wind-farm\/","title":{"rendered":"Hornsea One Offshore Wind Farm"},"content":{"rendered":"<p>Die\u00a0<strong>Hornsea One Offshore Wind Farm<\/strong>\u00a0ist ein weiteres bedeutendes Projekt von\u00a0<strong>\u00d8rsted<\/strong>\u00a0und befindet sich\u00a0<strong>vor der K\u00fcste von Yorkshire<\/strong>\u00a0im\u00a0<strong>Vereinigten K\u00f6nigreich<\/strong>. Mit einer Kapazit\u00e4t von\u00a0<strong>1.218 MW<\/strong>\u00a0ist sie eine der\u00a0<strong>gr\u00f6\u00dften Offshore-Windfarmen der Welt<\/strong>. Die Windfarm liefert gen\u00fcgend saubere Energie, um\u00a0<strong>\u00fcber eine Million Haushalte<\/strong>\u00a0mit Strom zu versorgen.<\/p>","protected":false},"excerpt":{"rendered":"<p>Die\u00a0<strong>Hornsea One Offshore Wind Farm<\/strong>\u00a0ist ein weiteres bedeutendes Projekt von\u00a0<strong>\u00d8rsted<\/strong>\u00a0und befindet sich\u00a0<strong>vor der K\u00fcste von Yorkshire<\/strong>\u00a0im\u00a0<strong>Vereinigten K\u00f6nigreich<\/strong>. Mit einer Kapazit\u00e4t von\u00a0<strong>1.218 MW<\/strong>\u00a0ist sie eine der\u00a0<strong>gr\u00f6\u00dften Offshore-Windfarmen der Welt<\/strong>. Die Windfarm liefert gen\u00fcgend saubere Energie, um\u00a0<strong>\u00fcber eine Million Haushalte<\/strong>\u00a0mit Strom zu versorgen.<\/p>","protected":false},"featured_media":0,"template":"","meta":{"_acf_changed":false},"product_brand":[],"product_cat":[82],"product_tag":[],"class_list":{"0":"post-14983","1":"product","2":"type-product","3":"status-publish","5":"product_cat-offshore-wind-energy-projects","7":"first","8":"instock","9":"shipping-taxable","10":"product-type-simple"},"acf":[],"yoast_head":"<!-- This site is optimized with the Yoast SEO plugin v27.4 - https:\/\/yoast.com\/product\/yoast-seo-wordpress\/ -->\n<title>Hornsea One Offshore Wind Farm - Promergon<\/title>\n<meta name=\"robots\" content=\"index, follow, max-snippet:-1, max-image-preview:large, max-video-preview:-1\" \/>\n<link rel=\"canonical\" href=\"https:\/\/promergon.de\/de\/produkt\/hornsea-one-offshore-wind-farm\/\" \/>\n<meta property=\"og:locale\" content=\"de_DE\" \/>\n<meta property=\"og:type\" content=\"article\" \/>\n<meta property=\"og:title\" content=\"Hornsea One Offshore Wind Farm - Promergon\" \/>\n<meta property=\"og:description\" content=\"Die\u00a0Hornsea One Offshore Wind Farm\u00a0ist ein weiteres bedeutendes Projekt von\u00a0\u00d8rsted\u00a0und befindet sich\u00a0vor der K\u00fcste von Yorkshire\u00a0im\u00a0Vereinigten K\u00f6nigreich. Mit einer Kapazit\u00e4t von\u00a01.218 MW\u00a0ist sie eine der\u00a0gr\u00f6\u00dften Offshore-Windfarmen der Welt. Die Windfarm liefert gen\u00fcgend saubere Energie, um\u00a0\u00fcber eine Million Haushalte\u00a0mit Strom zu versorgen.\" \/>\n<meta property=\"og:url\" content=\"https:\/\/promergon.de\/de\/produkt\/hornsea-one-offshore-wind-farm\/\" \/>\n<meta property=\"og:site_name\" content=\"Promergon\" \/>\n<meta property=\"article:modified_time\" content=\"2025-06-01T09:32:40+00:00\" \/>\n<meta name=\"twitter:card\" content=\"summary_large_image\" \/>\n<meta name=\"twitter:label1\" content=\"Gesch\u00e4tzte Lesezeit\" \/>\n\t<meta name=\"twitter:data1\" content=\"1\u00a0Minute\" \/>\n<script type=\"application\/ld+json\" class=\"yoast-schema-graph\">{\"@context\":\"https:\\\/\\\/schema.org\",\"@graph\":[{\"@type\":\"WebPage\",\"@id\":\"https:\\\/\\\/promergon.de\\\/product\\\/hornsea-one-offshore-wind-farm\\\/\",\"url\":\"https:\\\/\\\/promergon.de\\\/product\\\/hornsea-one-offshore-wind-farm\\\/\",\"name\":\"Hornsea One Offshore Wind Farm - Promergon\",\"isPartOf\":{\"@id\":\"https:\\\/\\\/promergon.de\\\/#website\"},\"datePublished\":\"2025-01-27T20:19:22+00:00\",\"dateModified\":\"2025-06-01T09:32:40+00:00\",\"breadcrumb\":{\"@id\":\"https:\\\/\\\/promergon.de\\\/product\\\/hornsea-one-offshore-wind-farm\\\/#breadcrumb\"},\"inLanguage\":\"de\",\"potentialAction\":[{\"@type\":\"ReadAction\",\"target\":[\"https:\\\/\\\/promergon.de\\\/product\\\/hornsea-one-offshore-wind-farm\\\/\"]}]},{\"@type\":\"BreadcrumbList\",\"@id\":\"https:\\\/\\\/promergon.de\\\/product\\\/hornsea-one-offshore-wind-farm\\\/#breadcrumb\",\"itemListElement\":[{\"@type\":\"ListItem\",\"position\":1,\"name\":\"Home\",\"item\":\"https:\\\/\\\/promergon.de\\\/\"},{\"@type\":\"ListItem\",\"position\":2,\"name\":\"Portfolio\",\"item\":\"https:\\\/\\\/promergon.de\\\/portfolio\\\/\"},{\"@type\":\"ListItem\",\"position\":3,\"name\":\"Hornsea One Offshore Wind Farm\"}]},{\"@type\":\"WebSite\",\"@id\":\"https:\\\/\\\/promergon.de\\\/#website\",\"url\":\"https:\\\/\\\/promergon.de\\\/\",\"name\":\"Promergon\",\"description\":\"Engineering Solutions\",\"publisher\":{\"@id\":\"https:\\\/\\\/promergon.de\\\/#organization\"},\"potentialAction\":[{\"@type\":\"SearchAction\",\"target\":{\"@type\":\"EntryPoint\",\"urlTemplate\":\"https:\\\/\\\/promergon.de\\\/?s={search_term_string}\"},\"query-input\":{\"@type\":\"PropertyValueSpecification\",\"valueRequired\":true,\"valueName\":\"search_term_string\"}}],\"inLanguage\":\"de\"},{\"@type\":\"Organization\",\"@id\":\"https:\\\/\\\/promergon.de\\\/#organization\",\"name\":\"Promergon\",\"url\":\"https:\\\/\\\/promergon.de\\\/\",\"logo\":{\"@type\":\"ImageObject\",\"inLanguage\":\"de\",\"@id\":\"https:\\\/\\\/promergon.de\\\/#\\\/schema\\\/logo\\\/image\\\/\",\"url\":\"https:\\\/\\\/promergon.de\\\/wp-content\\\/uploads\\\/2024\\\/11\\\/cropped-cropped-cropped-Logo-Promergon-1.jpg\",\"contentUrl\":\"https:\\\/\\\/promergon.de\\\/wp-content\\\/uploads\\\/2024\\\/11\\\/cropped-cropped-cropped-Logo-Promergon-1.jpg\",\"width\":512,\"height\":93,\"caption\":\"Promergon\"},\"image\":{\"@id\":\"https:\\\/\\\/promergon.de\\\/#\\\/schema\\\/logo\\\/image\\\/\"}}]}<\/script>\n<!-- \/ Yoast SEO plugin. -->","yoast_head_json":{"title":"Hornsea One Offshore Wind Farm - Promergon","robots":{"index":"index","follow":"follow","max-snippet":"max-snippet:-1","max-image-preview":"max-image-preview:large","max-video-preview":"max-video-preview:-1"},"canonical":"https:\/\/promergon.de\/de\/produkt\/hornsea-one-offshore-wind-farm\/","og_locale":"de_DE","og_type":"article","og_title":"Hornsea One Offshore Wind Farm - Promergon","og_description":"Die\u00a0Hornsea One Offshore Wind Farm\u00a0ist ein weiteres bedeutendes Projekt von\u00a0\u00d8rsted\u00a0und befindet sich\u00a0vor der K\u00fcste von Yorkshire\u00a0im\u00a0Vereinigten K\u00f6nigreich. Mit einer Kapazit\u00e4t von\u00a01.218 MW\u00a0ist sie eine der\u00a0gr\u00f6\u00dften Offshore-Windfarmen der Welt. Die Windfarm liefert gen\u00fcgend saubere Energie, um\u00a0\u00fcber eine Million Haushalte\u00a0mit Strom zu versorgen.","og_url":"https:\/\/promergon.de\/de\/produkt\/hornsea-one-offshore-wind-farm\/","og_site_name":"Promergon","article_modified_time":"2025-06-01T09:32:40+00:00","twitter_card":"summary_large_image","twitter_misc":{"Gesch\u00e4tzte Lesezeit":"1\u00a0Minute"},"schema":{"@context":"https:\/\/schema.org","@graph":[{"@type":"WebPage","@id":"https:\/\/promergon.de\/product\/hornsea-one-offshore-wind-farm\/","url":"https:\/\/promergon.de\/product\/hornsea-one-offshore-wind-farm\/","name":"Hornsea One Offshore Wind Farm - Promergon","isPartOf":{"@id":"https:\/\/promergon.de\/#website"},"datePublished":"2025-01-27T20:19:22+00:00","dateModified":"2025-06-01T09:32:40+00:00","breadcrumb":{"@id":"https:\/\/promergon.de\/product\/hornsea-one-offshore-wind-farm\/#breadcrumb"},"inLanguage":"de","potentialAction":[{"@type":"ReadAction","target":["https:\/\/promergon.de\/product\/hornsea-one-offshore-wind-farm\/"]}]},{"@type":"BreadcrumbList","@id":"https:\/\/promergon.de\/product\/hornsea-one-offshore-wind-farm\/#breadcrumb","itemListElement":[{"@type":"ListItem","position":1,"name":"Home","item":"https:\/\/promergon.de\/"},{"@type":"ListItem","position":2,"name":"Portfolio","item":"https:\/\/promergon.de\/portfolio\/"},{"@type":"ListItem","position":3,"name":"Hornsea One Offshore Wind Farm"}]},{"@type":"WebSite","@id":"https:\/\/promergon.de\/#website","url":"https:\/\/promergon.de\/","name":"Promergon","description":"Engineering Solutions","publisher":{"@id":"https:\/\/promergon.de\/#organization"},"potentialAction":[{"@type":"SearchAction","target":{"@type":"EntryPoint","urlTemplate":"https:\/\/promergon.de\/?s={search_term_string}"},"query-input":{"@type":"PropertyValueSpecification","valueRequired":true,"valueName":"search_term_string"}}],"inLanguage":"de"},{"@type":"Organization","@id":"https:\/\/promergon.de\/#organization","name":"Promergon","url":"https:\/\/promergon.de\/","logo":{"@type":"ImageObject","inLanguage":"de","@id":"https:\/\/promergon.de\/#\/schema\/logo\/image\/","url":"https:\/\/promergon.de\/wp-content\/uploads\/2024\/11\/cropped-cropped-cropped-Logo-Promergon-1.jpg","contentUrl":"https:\/\/promergon.de\/wp-content\/uploads\/2024\/11\/cropped-cropped-cropped-Logo-Promergon-1.jpg","width":512,"height":93,"caption":"Promergon"},"image":{"@id":"https:\/\/promergon.de\/#\/schema\/logo\/image\/"}}]}},"_links":{"self":[{"href":"https:\/\/promergon.de\/de\/wp-json\/wp\/v2\/product\/14983","targetHints":{"allow":["GET"]}}],"collection":[{"href":"https:\/\/promergon.de\/de\/wp-json\/wp\/v2\/product"}],"about":[{"href":"https:\/\/promergon.de\/de\/wp-json\/wp\/v2\/types\/product"}],"wp:attachment":[{"href":"https:\/\/promergon.de\/de\/wp-json\/wp\/v2\/media?parent=14983"}],"wp:term":[{"taxonomy":"product_brand","embeddable":true,"href":"https:\/\/promergon.de\/de\/wp-json\/wp\/v2\/product_brand?post=14983"},{"taxonomy":"product_cat","embeddable":true,"href":"https:\/\/promergon.de\/de\/wp-json\/wp\/v2\/product_cat?post=14983"},{"taxonomy":"product_tag","embeddable":true,"href":"https:\/\/promergon.de\/de\/wp-json\/wp\/v2\/product_tag?post=14983"}],"curies":[{"name":"wp","href":"https:\/\/api.w.org\/{rel}","templated":true}]}}