{"id":14992,"date":"2025-01-27T20:19:22","date_gmt":"2025-01-27T20:19:22","guid":{"rendered":"https:\/\/promergon.com\/?post_type=product&#038;p=14992"},"modified":"2025-06-01T09:53:33","modified_gmt":"2025-06-01T09:53:33","slug":"115kv-hearn-gis-substation-abb-canada","status":"publish","type":"product","link":"https:\/\/promergon.de\/de\/produkt\/115kv-hearn-gis-substation-abb-canada\/","title":{"rendered":"115 kV Hearn GIS Umspannwerk \u2013 ABB, Kanada"},"content":{"rendered":"<p>Das\u00a0<strong>Hearn GIS Umspannwerk<\/strong>\u00a0in Kanada, entwickelt von\u00a0<strong>ABB<\/strong>, ist eine hochmoderne gasisolierte Schaltanlage (GIS), die eine hohe Zuverl\u00e4ssigkeit und kompakte Bauweise bietet. Mit einer Spannung von 115 kV sorgt das Umspannwerk f\u00fcr die effiziente \u00dcbertragung und Verteilung von elektrischer Energie in einer der anspruchsvollsten Regionen.<\/p>","protected":false},"excerpt":{"rendered":"<p>Hochspannungs-GIS-Umspannwerk in Kanada.<\/p>","protected":false},"featured_media":14905,"template":"","meta":{"_acf_changed":false},"product_brand":[],"product_cat":[81],"product_tag":[],"class_list":{"0":"post-14992","1":"product","2":"type-product","3":"status-publish","4":"has-post-thumbnail","6":"product_cat-power-grid-projects","8":"first","9":"instock","10":"shipping-taxable","11":"product-type-simple"},"acf":[],"yoast_head":"<!-- This site is optimized with the Yoast SEO plugin v27.4 - https:\/\/yoast.com\/product\/yoast-seo-wordpress\/ -->\n<title>115 kV Hearn GIS Umspannwerk \u2013 ABB, Kanada - Promergon<\/title>\n<meta name=\"robots\" content=\"index, follow, max-snippet:-1, max-image-preview:large, max-video-preview:-1\" \/>\n<link rel=\"canonical\" href=\"https:\/\/promergon.de\/de\/produkt\/115kv-hearn-gis-substation-abb-canada\/\" \/>\n<meta property=\"og:locale\" content=\"de_DE\" \/>\n<meta property=\"og:type\" content=\"article\" \/>\n<meta property=\"og:title\" content=\"115 kV Hearn GIS Umspannwerk \u2013 ABB, Kanada - Promergon\" \/>\n<meta property=\"og:description\" content=\"Hochspannungs-GIS-Umspannwerk in Kanada.\" \/>\n<meta property=\"og:url\" content=\"https:\/\/promergon.de\/de\/produkt\/115kv-hearn-gis-substation-abb-canada\/\" \/>\n<meta property=\"og:site_name\" content=\"Promergon\" \/>\n<meta property=\"article:modified_time\" content=\"2025-06-01T09:53:33+00:00\" \/>\n<meta property=\"og:image\" content=\"https:\/\/promergon.de\/wp-content\/uploads\/2025\/01\/Promergon_-Mid-to-High-Voltage-Substation-scaled.jpeg\" \/>\n\t<meta property=\"og:image:width\" content=\"2560\" \/>\n\t<meta property=\"og:image:height\" content=\"1849\" \/>\n\t<meta property=\"og:image:type\" content=\"image\/jpeg\" \/>\n<meta name=\"twitter:card\" content=\"summary_large_image\" \/>\n<meta name=\"twitter:label1\" content=\"Gesch\u00e4tzte Lesezeit\" \/>\n\t<meta name=\"twitter:data1\" content=\"1\u00a0Minute\" \/>\n<script type=\"application\/ld+json\" class=\"yoast-schema-graph\">{\"@context\":\"https:\\\/\\\/schema.org\",\"@graph\":[{\"@type\":\"WebPage\",\"@id\":\"https:\\\/\\\/promergon.de\\\/product\\\/115kv-hearn-gis-substation-abb-canada\\\/\",\"url\":\"https:\\\/\\\/promergon.de\\\/product\\\/115kv-hearn-gis-substation-abb-canada\\\/\",\"name\":\"115 kV Hearn GIS Umspannwerk \u2013 ABB, Kanada - Promergon\",\"isPartOf\":{\"@id\":\"https:\\\/\\\/promergon.de\\\/#website\"},\"primaryImageOfPage\":{\"@id\":\"https:\\\/\\\/promergon.de\\\/product\\\/115kv-hearn-gis-substation-abb-canada\\\/#primaryimage\"},\"image\":{\"@id\":\"https:\\\/\\\/promergon.de\\\/product\\\/115kv-hearn-gis-substation-abb-canada\\\/#primaryimage\"},\"thumbnailUrl\":\"https:\\\/\\\/promergon.de\\\/wp-content\\\/uploads\\\/2025\\\/01\\\/Promergon_-Mid-to-High-Voltage-Substation-scaled.jpeg\",\"datePublished\":\"2025-01-27T20:19:22+00:00\",\"dateModified\":\"2025-06-01T09:53:33+00:00\",\"breadcrumb\":{\"@id\":\"https:\\\/\\\/promergon.de\\\/product\\\/115kv-hearn-gis-substation-abb-canada\\\/#breadcrumb\"},\"inLanguage\":\"de\",\"potentialAction\":[{\"@type\":\"ReadAction\",\"target\":[\"https:\\\/\\\/promergon.de\\\/product\\\/115kv-hearn-gis-substation-abb-canada\\\/\"]}]},{\"@type\":\"ImageObject\",\"inLanguage\":\"de\",\"@id\":\"https:\\\/\\\/promergon.de\\\/product\\\/115kv-hearn-gis-substation-abb-canada\\\/#primaryimage\",\"url\":\"https:\\\/\\\/promergon.de\\\/wp-content\\\/uploads\\\/2025\\\/01\\\/Promergon_-Mid-to-High-Voltage-Substation-scaled.jpeg\",\"contentUrl\":\"https:\\\/\\\/promergon.de\\\/wp-content\\\/uploads\\\/2025\\\/01\\\/Promergon_-Mid-to-High-Voltage-Substation-scaled.jpeg\",\"width\":2560,\"height\":1849,\"caption\":\"Aerial view of high voltage substation electricity tower industrial equipment landscape\"},{\"@type\":\"BreadcrumbList\",\"@id\":\"https:\\\/\\\/promergon.de\\\/product\\\/115kv-hearn-gis-substation-abb-canada\\\/#breadcrumb\",\"itemListElement\":[{\"@type\":\"ListItem\",\"position\":1,\"name\":\"Home\",\"item\":\"https:\\\/\\\/promergon.de\\\/\"},{\"@type\":\"ListItem\",\"position\":2,\"name\":\"Portfolio\",\"item\":\"https:\\\/\\\/promergon.de\\\/portfolio\\\/\"},{\"@type\":\"ListItem\",\"position\":3,\"name\":\"115 kV Hearn GIS Umspannwerk \u2013 ABB, Kanada\"}]},{\"@type\":\"WebSite\",\"@id\":\"https:\\\/\\\/promergon.de\\\/#website\",\"url\":\"https:\\\/\\\/promergon.de\\\/\",\"name\":\"Promergon\",\"description\":\"Engineering Solutions\",\"publisher\":{\"@id\":\"https:\\\/\\\/promergon.de\\\/#organization\"},\"potentialAction\":[{\"@type\":\"SearchAction\",\"target\":{\"@type\":\"EntryPoint\",\"urlTemplate\":\"https:\\\/\\\/promergon.de\\\/?s={search_term_string}\"},\"query-input\":{\"@type\":\"PropertyValueSpecification\",\"valueRequired\":true,\"valueName\":\"search_term_string\"}}],\"inLanguage\":\"de\"},{\"@type\":\"Organization\",\"@id\":\"https:\\\/\\\/promergon.de\\\/#organization\",\"name\":\"Promergon\",\"url\":\"https:\\\/\\\/promergon.de\\\/\",\"logo\":{\"@type\":\"ImageObject\",\"inLanguage\":\"de\",\"@id\":\"https:\\\/\\\/promergon.de\\\/#\\\/schema\\\/logo\\\/image\\\/\",\"url\":\"https:\\\/\\\/promergon.de\\\/wp-content\\\/uploads\\\/2024\\\/11\\\/cropped-cropped-cropped-Logo-Promergon-1.jpg\",\"contentUrl\":\"https:\\\/\\\/promergon.de\\\/wp-content\\\/uploads\\\/2024\\\/11\\\/cropped-cropped-cropped-Logo-Promergon-1.jpg\",\"width\":512,\"height\":93,\"caption\":\"Promergon\"},\"image\":{\"@id\":\"https:\\\/\\\/promergon.de\\\/#\\\/schema\\\/logo\\\/image\\\/\"}}]}<\/script>\n<!-- \/ Yoast SEO plugin. -->","yoast_head_json":{"title":"115 kV Hearn GIS Umspannwerk \u2013 ABB, Kanada - Promergon","robots":{"index":"index","follow":"follow","max-snippet":"max-snippet:-1","max-image-preview":"max-image-preview:large","max-video-preview":"max-video-preview:-1"},"canonical":"https:\/\/promergon.de\/de\/produkt\/115kv-hearn-gis-substation-abb-canada\/","og_locale":"de_DE","og_type":"article","og_title":"115 kV Hearn GIS Umspannwerk \u2013 ABB, Kanada - Promergon","og_description":"Hochspannungs-GIS-Umspannwerk in Kanada.","og_url":"https:\/\/promergon.de\/de\/produkt\/115kv-hearn-gis-substation-abb-canada\/","og_site_name":"Promergon","article_modified_time":"2025-06-01T09:53:33+00:00","og_image":[{"width":2560,"height":1849,"url":"https:\/\/promergon.de\/wp-content\/uploads\/2025\/01\/Promergon_-Mid-to-High-Voltage-Substation-scaled.jpeg","type":"image\/jpeg"}],"twitter_card":"summary_large_image","twitter_misc":{"Gesch\u00e4tzte Lesezeit":"1\u00a0Minute"},"schema":{"@context":"https:\/\/schema.org","@graph":[{"@type":"WebPage","@id":"https:\/\/promergon.de\/product\/115kv-hearn-gis-substation-abb-canada\/","url":"https:\/\/promergon.de\/product\/115kv-hearn-gis-substation-abb-canada\/","name":"115 kV Hearn GIS Umspannwerk \u2013 ABB, Kanada - Promergon","isPartOf":{"@id":"https:\/\/promergon.de\/#website"},"primaryImageOfPage":{"@id":"https:\/\/promergon.de\/product\/115kv-hearn-gis-substation-abb-canada\/#primaryimage"},"image":{"@id":"https:\/\/promergon.de\/product\/115kv-hearn-gis-substation-abb-canada\/#primaryimage"},"thumbnailUrl":"https:\/\/promergon.de\/wp-content\/uploads\/2025\/01\/Promergon_-Mid-to-High-Voltage-Substation-scaled.jpeg","datePublished":"2025-01-27T20:19:22+00:00","dateModified":"2025-06-01T09:53:33+00:00","breadcrumb":{"@id":"https:\/\/promergon.de\/product\/115kv-hearn-gis-substation-abb-canada\/#breadcrumb"},"inLanguage":"de","potentialAction":[{"@type":"ReadAction","target":["https:\/\/promergon.de\/product\/115kv-hearn-gis-substation-abb-canada\/"]}]},{"@type":"ImageObject","inLanguage":"de","@id":"https:\/\/promergon.de\/product\/115kv-hearn-gis-substation-abb-canada\/#primaryimage","url":"https:\/\/promergon.de\/wp-content\/uploads\/2025\/01\/Promergon_-Mid-to-High-Voltage-Substation-scaled.jpeg","contentUrl":"https:\/\/promergon.de\/wp-content\/uploads\/2025\/01\/Promergon_-Mid-to-High-Voltage-Substation-scaled.jpeg","width":2560,"height":1849,"caption":"Aerial view of high voltage substation electricity tower industrial equipment landscape"},{"@type":"BreadcrumbList","@id":"https:\/\/promergon.de\/product\/115kv-hearn-gis-substation-abb-canada\/#breadcrumb","itemListElement":[{"@type":"ListItem","position":1,"name":"Home","item":"https:\/\/promergon.de\/"},{"@type":"ListItem","position":2,"name":"Portfolio","item":"https:\/\/promergon.de\/portfolio\/"},{"@type":"ListItem","position":3,"name":"115 kV Hearn GIS Umspannwerk \u2013 ABB, Kanada"}]},{"@type":"WebSite","@id":"https:\/\/promergon.de\/#website","url":"https:\/\/promergon.de\/","name":"Promergon","description":"Engineering Solutions","publisher":{"@id":"https:\/\/promergon.de\/#organization"},"potentialAction":[{"@type":"SearchAction","target":{"@type":"EntryPoint","urlTemplate":"https:\/\/promergon.de\/?s={search_term_string}"},"query-input":{"@type":"PropertyValueSpecification","valueRequired":true,"valueName":"search_term_string"}}],"inLanguage":"de"},{"@type":"Organization","@id":"https:\/\/promergon.de\/#organization","name":"Promergon","url":"https:\/\/promergon.de\/","logo":{"@type":"ImageObject","inLanguage":"de","@id":"https:\/\/promergon.de\/#\/schema\/logo\/image\/","url":"https:\/\/promergon.de\/wp-content\/uploads\/2024\/11\/cropped-cropped-cropped-Logo-Promergon-1.jpg","contentUrl":"https:\/\/promergon.de\/wp-content\/uploads\/2024\/11\/cropped-cropped-cropped-Logo-Promergon-1.jpg","width":512,"height":93,"caption":"Promergon"},"image":{"@id":"https:\/\/promergon.de\/#\/schema\/logo\/image\/"}}]}},"_links":{"self":[{"href":"https:\/\/promergon.de\/de\/wp-json\/wp\/v2\/product\/14992","targetHints":{"allow":["GET"]}}],"collection":[{"href":"https:\/\/promergon.de\/de\/wp-json\/wp\/v2\/product"}],"about":[{"href":"https:\/\/promergon.de\/de\/wp-json\/wp\/v2\/types\/product"}],"wp:featuredmedia":[{"embeddable":true,"href":"https:\/\/promergon.de\/de\/wp-json\/wp\/v2\/media\/14905"}],"wp:attachment":[{"href":"https:\/\/promergon.de\/de\/wp-json\/wp\/v2\/media?parent=14992"}],"wp:term":[{"taxonomy":"product_brand","embeddable":true,"href":"https:\/\/promergon.de\/de\/wp-json\/wp\/v2\/product_brand?post=14992"},{"taxonomy":"product_cat","embeddable":true,"href":"https:\/\/promergon.de\/de\/wp-json\/wp\/v2\/product_cat?post=14992"},{"taxonomy":"product_tag","embeddable":true,"href":"https:\/\/promergon.de\/de\/wp-json\/wp\/v2\/product_tag?post=14992"}],"curies":[{"name":"wp","href":"https:\/\/api.w.org\/{rel}","templated":true}]}}